{"id":95,"date":"2026-01-20T08:00:34","date_gmt":"2026-01-20T08:00:34","guid":{"rendered":"https:\/\/www.sanromaasociados.com\/?page_id=95"},"modified":"2026-02-11T13:21:01","modified_gmt":"2026-02-11T13:21:01","slug":"politica-de-privadesa","status":"publish","type":"page","link":"https:\/\/sanromaasociados.com\/ca\/politica-de-privacidad\/","title":{"rendered":"Pol\u00edtica de privadesa"},"content":{"rendered":"<p><em><u>Pol\u00edtica de privacitat <\/u><\/em><em><u>Sobre el lloc <\/u><\/em><em><u>WEB<\/u><\/em><\/p>\n<p><em>Som una empresa en la qual la transpar\u00e8ncia de la informaci\u00f3 \u00e9s fonamental per establir <\/em><strong><em>una relaci\u00f3 <\/em><\/strong><strong><em>Confian\u00e7a amb les persones que formen el nostre projecte \u00a0<\/em><\/strong><strong><em>y <\/em><\/strong><strong><em>amb el nostre <\/em><\/strong><strong><em>prove\u00efdors <\/em><\/strong><em>y <\/em><em>Clients, com que la protecci\u00f3 de les dades personals d'aquells que dipositen la seva confian\u00e7a en nosaltres \u00e9s de vital import\u00e0ncia, desitgem informar-vos del seg\u00fcent a trav\u00e9s d'aquesta Pol\u00edtica de privacitat: <\/em><strong><em>Com recollim <\/em><\/strong><strong><em>y <\/em><\/strong><strong><em>com processem o utilitzem aquestes dades.<\/em><\/strong><\/p>\n<p><em>Aquesta pol\u00edtica de privacitat estableix la base sobre la qual l'empresa processa les dades. <\/em><strong><em>car\u00e0cter personal <\/em><\/strong><strong><em>que els nostres usuaris ens proporcionen volunt\u00e0riament a trav\u00e9s del lloc web.<\/em><\/strong><\/p>\n<p><em>Aquesta Pol\u00edtica s'aplicar\u00e0 sempre quan es proporcionin dades a l'empresa, que ser\u00e0 la responsable de les seves dades (Responsable del Tractament), i a trav\u00e9s de qualsevol dels formularis de contacte o subscripci\u00f3 on es recullin dades personals (nom, correu electr\u00f2nic, etc.).<\/em><\/p>\n<p><em>A qu\u00e8 ens comprometem<\/em><\/p>\n<ul>\n<li><em>Respectar la privacitat dels nostres usuaris i tractar les dades personals amb la m\u00e0xima cura. <\/em><strong><em>consentiment <\/em><strong><em>del mateix.<\/em><\/strong><\/strong><\/li>\n<li><em>Per tractar les dades personals que estrictament necessitem per prestar el servei sol\u00b7licitat, i per tractar-les de manera segura i confidencial, prenent les mesures necess\u00e0ries per prevenir l'acc\u00e9s no autoritzat i l'\u00fas indegut de les dades.<\/em><\/li>\n<li><em>No utilitzar dades personals per a finalitats per a les quals no h\u00e0gim obtingut pr\u00e8viament el consentiment. <\/em><strong><em>consentiment.<\/em><\/strong><\/li>\n<li><strong><em>A <\/em><\/strong><strong><em>no <\/em><\/strong><strong><em>divulgar dades personals a tercers o compartir-les.<\/em><\/strong><\/li>\n<li><em>Retener les dades personals durant el temps estrictament necessari per a la finalitat espec\u00edfica per a la qual s'han proporcionat.<\/em><\/li>\n<\/ul>\n<p><em>QUI \u00c9S EL RESPONSABLE DE <\/em><em>Les teves dades personals<\/em><\/p>\n<table style=\"height: 338px;\" width=\"665\">\n<tbody>\n<tr>\n<td width=\"180\">Nom de l'empresa<\/td>\n<td colspan=\"2\" width=\"388\">RAFAEL SANROMA ASSOCIATED LAWYERS SLP<\/td>\n<\/tr>\n<tr>\n<td width=\"180\">B43439991<\/td>\n<td colspan=\"2\" width=\"388\">B43439991<\/td>\n<\/tr>\n<tr>\n<td width=\"180\">Carrer<\/td>\n<td width=\"303\">37 Rambla Nova, primer pis<\/td>\n<td rowspan=\"2\" width=\"85\"><\/td>\n<\/tr>\n<tr>\n<td width=\"180\">Codi postal<\/td>\n<td width=\"303\">43003<\/td>\n<\/tr>\n<tr>\n<td width=\"180\">Ubicaci\u00f3<\/td>\n<td colspan=\"2\" width=\"388\">TARRAGONA<\/td>\n<\/tr>\n<tr>\n<td width=\"180\"><strong>Prov\u00edncia<\/strong><\/td>\n<td colspan=\"2\" width=\"388\">TARRAGONA<\/td>\n<\/tr>\n<\/tbody>\n<\/table>\n<p><em>Qu\u00e8 \u00e9s? <\/em><em>DADES PERSONALS I EL TRACTAMENT DE DADES PERSONALS<\/em><\/p>\n<p><em>Les dades personals s\u00f3n qualsevol informaci\u00f3 relativa a una persona f\u00edsica identificada o identificable. Una persona f\u00edsica identificable \u00e9s qualsevol persona la identitat de la qual es pot determinar, directa o indirectament. <\/em><strong><em>indirectament, <\/em><\/strong><strong><em>en particular mitjan\u00e7ant un identificador, com ara un nom, un n\u00famero <\/em><\/strong><em>dades d'identificaci\u00f3, dades de localitzaci\u00f3, un identificador en l\u00ednia o un o m\u00e9s factors espec\u00edfics de l'identitat f\u00edsica, fisiol\u00f2gica, gen\u00e8tica, mental, econ\u00f2mica, cultural o social d'aquesta persona f\u00edsica.<\/em><\/p>\n<p><em>De la mateixa manera, el tractament de dades personals implica qualsevol operaci\u00f3 o conjunt d'operacions <\/em><strong><em>operacions que es realitzen sobre dades personals o conjunts de dades personals, ja sigui per mitjans automatitzats <\/em><\/strong><strong>o <\/strong><strong><em>no, com ara la recollida, la gravaci\u00f3, l'organitzaci\u00f3, l'estructuraci\u00f3, l'emmagatzematge, l'adaptaci\u00f3 <\/em><\/strong><strong>o <\/strong><strong><em>modificaci\u00f3, extracci\u00f3, consulta, \u00fas, comunicaci\u00f3 per transmissi\u00f3, difusi\u00f3 o qualsevol altra forma de permetre l'acc\u00e9s, comparaci\u00f3 <\/em><\/strong><strong>o <\/strong><strong><em>interconnexi\u00f3, limitaci\u00f3, supressi\u00f3 o destrucci\u00f3.<\/em><\/strong><\/p>\n<p><em>Quins tractaments oferim? <\/em><em>Sobre les teves dades personals i per a qu\u00e8 s'utilitzen <\/em><em>Prop\u00f2sits<\/em><\/p>\n<ul>\n<li><em>Sol\u00b7licitud d'informaci\u00f3 per part de l'usuari<br \/>\n<\/em><em>Gestiona la sol\u00b7licitud d'informaci\u00f3 enviada per l'usuari mitjan\u00e7ant el formulari de contacte. <\/em><\/li>\n<\/ul>\n<ul>\n<li><strong><em>Subscripci\u00f3 <\/em><\/strong><strong><em>un butllet\u00ed<br \/>\n<\/em><\/strong><strong><em>Gestiona <\/em><strong><em>Subscripci\u00f3 al butllet\u00ed<\/em><\/strong><\/strong><\/li>\n<\/ul>\n<ul>\n<li><strong><em>Treballa amb nosaltres enviant el teu curr\u00edculum.<br \/>\n<\/em><\/strong><em>Gesti\u00f3 dels curr\u00edculums rebuts mitjan\u00e7ant el formulari disponible al lloc web <\/em><\/li>\n<\/ul>\n<ul>\n<li><em>Registre i acc\u00e9s al perfil d'usuari<br \/>\n<\/em><em>Gesti\u00f3 del registre i de l'acc\u00e9s al portal d'usuari mitjan\u00e7ant el compte d'usuari corresponent. <strong><em>y <\/em><strong><em>contrasenya.<\/em><\/strong><\/strong><\/em><\/li>\n<\/ul>\n<ul>\n<li><em>Gesti\u00f3 dels comentaris al blog.<br \/>\n<\/em><em>Gestiona l'enviament i la recepci\u00f3 dels comentaris que deixen els usuaris al blog. <\/em><\/li>\n<\/ul>\n<p><em>QUINS DADES PERSONALS RECOPILEM<\/em><\/p>\n<p><em>A trav\u00e9s del nostre lloc web, podem recollir dades personals per a diversos prop\u00f2sits:<\/em><\/p>\n<ul>\n<li><em>Sol\u00b7licitud d'informaci\u00f3 per part de l'usuari<br \/>\n<\/em><em>Recollirem les dades personals que ens heu proporcionat en relaci\u00f3 amb la vostra consulta.<\/em><\/li>\n<\/ul>\n<ul>\n<li><strong><em>Subscripci\u00f3 al butllet\u00ed<br \/>\n<\/em><\/strong><strong><em>Recollirem la teva adre\u00e7a de correu electr\u00f2nic.<\/em><\/strong><\/li>\n<\/ul>\n<ul>\n<li><strong><em>Treballa amb nosaltres enviant el teu curr\u00edculum.<br \/>\n<\/em><\/strong><em>Recollirem la informaci\u00f3 continguda en el curr\u00edculum que ens heu proporcionat.<\/em><\/li>\n<\/ul>\n<ul>\n<li><em>Registre i acc\u00e9s al perfil d'usuari<br \/>\n<\/em><em>Nom d'usuari i contrasenya, aix\u00ed com qualsevol altre <\/em><\/li>\n<\/ul>\n<ul>\n<li><em>Gesti\u00f3 dels comentaris al blog.<br \/>\n<\/em><em>Qualsevol informaci\u00f3 proporcionada en publicar el comentari pertinent.<\/em><\/li>\n<\/ul>\n<p><em>Segons la finalitat per a la qual es proporcionen les dades, es requeriran les dades seg\u00fcents: <\/em><strong><em>estrictament necessari. \u00c9s important que els usuaris siguin conscients de les dades que proporcionen. <\/em><\/strong><strong><em>y <\/em><\/strong><strong><em>el <\/em><\/strong><em>prop\u00f2sit \u00a0<\/em><em>porus qu\u00e8 \u00a0<\/em>ell\/ella\/vost\u00e8 \u00a0<em>perqu\u00e8 de moment els proporciono, <\/em>\u00e9s \u00a0<em>acceptant que podem recollir, emmagatzemar i utilitzar aquestes dades per al prop\u00f2sit requerit, i podem <\/em><strong><em>en qualsevol moment retirar el consentiment atorgat a trav\u00e9s dels canals adequats, el <\/em><\/strong><em>el consentiment de l'interessat \u00e9s la base jur\u00eddica i la legitimitat per al tractament de les seves dades <\/em><strong><em>personal.<\/em><\/strong><\/p>\n<p><em><u>QU\u00c8 \u00c9S <\/u><\/em><em><u>LEGITIMITAT PER A <\/u><\/em><em><u>EL <\/u><\/em><em><u>TRACTAMENT <\/u><\/em><em><u>DADES PERSONALS<\/u><\/em><\/p>\n<p><strong><em>D'acord amb la normativa vigent de protecci\u00f3 de dades, necessitem una base per a <\/em><\/strong><em>legitimitat per al tractament de les seves dades personals. La base de legitimitat \u00e9s la seva <strong>consentiment.<\/strong><\/em><\/p>\n<p><em>QUINS DRETS TENIU SOBRE LES VOSTRES DADES PERSONALS <\/em><em>Col\u00b7laboradors <\/em><em>Com a usuari, pot exercir els seg\u00fcents drets:<\/em><\/p>\n<ul>\n<li><em><u>Dret d'acc\u00e9s<\/u>Teniu dret a obtenir de l'empresa la confirmaci\u00f3 de si les vostres dades personals estan sent tractades o no i, si \u00e9s aix\u00ed, quines dades s'estan tractant.<\/em><\/li>\n<li><em>Dret de rectificaci\u00f3: Teniu dret a obtenir de RAFAEL SANROMA ABOGADOS ASOCIADOS SLP la rectificaci\u00f3 de les dades personals inexactes que us afecten. En la sol\u00b7licitud de rectificaci\u00f3, heu d'indicar les dades que voleu que es modifiquin.<\/em><\/li>\n<li><strong><em><u>Dret a objectar<\/u>Teniu dret a oposar-vos en qualsevol moment, per motius <\/em><\/strong><strong><em>relacionat amb la teva situaci\u00f3 particular, <\/em><\/strong><strong><em>que les dades personals que et concerneixen siguin <\/em><\/strong><em>Sujecte al tractament basat en l'inter\u00e8s leg\u00edtim de l'empresa. En aquest cas, l'empresa deixar\u00e0 de tractar les dades personals, llevat que puguem demostrar motius leg\u00edtims. <\/em><strong><em>raons leg\u00edtimes i imperioses per al tractament que prevalen sobre els seus interessos, drets <\/em><\/strong><em>y<\/em> <em>llibertats, o per a la formulaci\u00f3, l'exercici o la defensa de reclamacions.<\/em><\/li>\n<li><em><u>Dret a l'oblit<\/u>Teniu dret a obtenir de RAFAEL SANROMA ABOGADOS ASOCIADOS SLP l'esborrament de les dades personals que us concerneixen.<\/em><\/li>\n<li><em><u>Dret a la portabilitat de les dades<\/u>Tens dret a fer que l'empresa transfereixi les teves dades personals a un altre responsable del tractament. Nom\u00e9s \u00e9s possible exercir aquest dret <\/em><strong><em>just quan el tractament es basi en l'execuci\u00f3 d'un contracte o en el seu consentiment \u00a0<\/em><\/strong><strong><em>y <\/em><\/strong><strong><em>El tractament es duu a terme mitjan\u00e7ant procediments automatitzats.<\/em><\/strong><\/li>\n<li><strong><em><u>Dret a la limitaci\u00f3 del tractament<\/u>Teniu dret a sol\u00b7licitar que suspendem <\/em><\/strong><em>el tractament de les teves dades quan: impugnes l'exactitud de les dades, mentre RAFAEL SANROMA ABOGADOS ASOCIADOS SLP verifica dita exactitud; has exercit <strong><em>el dret a oposar-se al tractament de les seves dades mentre es verifica si el <\/em><em>Els motius leg\u00edtims de RAFAEL SANROMA ABOGADOS ASOCIADOS SLP prevalen sobre <strong><em>el seu propi com <\/em><strong><em>Interessat.<\/em><\/strong><\/strong><\/em><\/strong><\/em><\/li>\n<\/ul>\n<p><strong><em>En qualsevol <\/em><\/strong><strong><em>En qualsevol moment, podeu exercir aquests drets escrivint-nos i aportant una prova de la vostra identitat. <\/em><\/strong><em>personalitat adre\u00e7ada al responsable del tractament de dades a l'adre\u00e7a esmentada, o per correu electr\u00f2nic: SANROMA@SANROMAASOCIADOS.COM.<\/em><\/p>\n<p><strong><em>A m\u00e9s, podeu presentar una queixa davant de l'autoritat de supervisi\u00f3, en aquest cas, l'Ag\u00e8ncia. <\/em><\/strong><em>Ag\u00e8ncia Espanyola de Protecci\u00f3 de Dades, si considereu que el tractament de dades personals infringeix la legislaci\u00f3 aplicable.<\/em><\/p>\n<p><em><u>Seguretat i emmagatzematge \u00a0<\/u><\/em><em><u>DE L' <\/u><\/em><em><u>DADES<\/u><\/em><\/p>\n<p><strong><em>Mantenirem <\/em><\/strong><strong><em>J\u00f3s <\/em><\/strong><strong><em>dades durant el temps estrictament necessari per prestar el servei <\/em><\/strong><em>sol\u00b7licitat i mentre el titular no sol\u00b7liciti la seva supressi\u00f3, adoptant les mesures adequades per a <\/em><strong><em>mesures t\u00e8cniques i organitzatives contra el tractament no autoritzat <\/em><\/strong><strong>o <\/strong><strong><em>il\u00b7l\u00edcit i contra la seva p\u00e8rdua, <\/em><\/strong><em>destrucci\u00f3 o dany accidental, fent tot el possible per protegir-los i mantenir-los d'una manera <\/em><strong><em>segur.<\/em><\/strong><\/p>\n<p><em>QUINS DADES PERSONALS COMPARTIM AMB TERCERS<\/em><\/p>\n<p><strong><em>No es preveuen transfer\u00e8ncies de dades, excepte en els casos en qu\u00e8 hi hagi una obligaci\u00f3 legal o <\/em><\/strong><strong><em>comunicaci\u00f3 necess\u00e0ria <\/em><\/strong><strong><em>per tal de proporcionar-li el servei sol\u00b7licitat correctament. No hi ha cap disposici\u00f3 <\/em><\/strong><em>transfer\u00e8ncies internacionals de dades.<\/em><\/p>","protected":false},"excerpt":{"rendered":"<p>POL\u00cdTICA DE PRIVACIDAD DEL SITIO WEB Somos una empresa en la que la transparencia en la informaci\u00f3n \u00a0es fundamental para establecer una relaci\u00f3n de confianza con las personas que forman nuestro proyecto \u00a0y con nuestros proveedores y clientes, siendo la protecci\u00f3n de los datos personales de las personas que conf\u00edan en nosotros de vital importancia, [&hellip;]<\/p>\n","protected":false},"author":7,"featured_media":0,"parent":0,"menu_order":0,"comment_status":"closed","ping_status":"closed","template":"","meta":{"_et_pb_use_builder":"off","_et_pb_old_content":"En cumplimiento de lo establecido en el art\u00edculo 5 de la Ley Org\u00e1nica 15\/1999, de 13 de diciembre, de Protecci\u00f3n de Datos de Car\u00e1cter Personal (en adelante, LOPD), Rafael Sanrom\u00e1 Abogados Asociados SLPU le informa que los datos de car\u00e1cter personal que nos proporcione a trav\u00e9s de nuestra p\u00e1gina web, v\u00eda telef\u00f3nica o por correo electr\u00f3nico, as\u00ed como los datos a los que Rafael Sanrom\u00e1 Abogados Asociados SLPU. acceda como consecuencia de su navegaci\u00f3n, consulta, o solicitud realizada a trav\u00e9s de de esta p\u00e1gina Web de Rafael Sanrom\u00e1 Abogados Asociados SLPU ser\u00e1n recogidos en un fichero cuyo responsable es Rafael Sanrom\u00e1 Abogados Asociados SLPU que ha sido debidamente inscrito en la Agencia Espa\u00f1ola de Protecci\u00f3n de Datos. Usted podr\u00e1 ejercer sus derechos de acceso, rectificaci\u00f3n, cancelaci\u00f3n y oposici\u00f3n al tratamiento de sus datos personales, en los t\u00e9rminos y condiciones previstos en la propia LOPD en Rambla Nova 37, pral 1\u00aa C.P 43003 (Tarragona), mediante solicitud y acreditando su identidad. Para su mayor comodidad, Rafael Sanrom\u00e1 Abogados Asociados SLPU le ofrece la posibilidad de ejercer los derechos antes referidos mediante la siguiente direcci\u00f3n de correo electr\u00f3nico: <a href=\"mailto:d.ortega@sanromaasociados.com\">d.ortega@sanromaasociados.com<\/a>\r\n\r\nLe rogamos nos comunique de forma inmediata a Rafael Sanrom\u00e1 Abogados Asociados SLPU cualquier modificaci\u00f3n de sus datos de forma que la informaci\u00f3n recogida dentro del lo fichero de Rafael Sanrom\u00e1 Abogados Asociados SLPU. est\u00e9 en todo momento actualizada y no contenga errores. Asimismo, con la aceptaci\u00f3n del presente Aviso Legal, Usted reconoce que la informaci\u00f3n y los datos facilitados a Rafael Sanrom\u00e1 Abogados Asociados SLPU. son exactos y veraces.\r\n\r\nLa no cumplimentaci\u00f3n o la cumplimentaci\u00f3n parcial de los datos de car\u00e1cter personal solicitados en cualquier formulario electr\u00f3nico podr\u00eda suponer que Rafael Sanrom\u00e1 Abogados Asociados SLPU. no pudiera atender su solicitud.\r\n\r\nLos datos de car\u00e1cter personal que Usted proporcione a Rafael Sanrom\u00e1 Abogados Asociados SLPU . se tratar\u00e1n con la finalidad de prestarle los servicios que Usted pudiera solicitar, en particular, los servicios prestados a trav\u00e9s de la presente p\u00e1gina web de Rafael Sanrom\u00e1 Abogados Asociados SLPU., as\u00ed como informarle sobre productos y servicios, y, en general informaci\u00f3n de car\u00e1cter comercial que pudieran resultar de su inter\u00e9s.\r\n\r\nRafael Sanrom\u00e1 Abogados Asociados SLPU. le informa de que tiene implantadas las medidas de seguridad de \u00edndole t\u00e9cnica y organizativas necesarias que garanticen la seguridad de sus datos de car\u00e1cter personal y eviten su alteraci\u00f3n, p\u00e9rdida, tratamiento y\/o acceso no autorizado, habida cuenta del estado de la tecnolog\u00eda, la naturaleza de los datos almacenados y los riesgos a que est\u00e1n expuestos, ya provengan de la acci\u00f3n humana o del medio f\u00edsico o natural. Todo ello de conformidad con lo previsto en el art\u00edculo 9 LOPD y en el Real Decreto 994\/1999, de 11 de junio, por el que se aprueba el Reglamento de medidas de seguridad de los ficheros automatizados que contengan datos de car\u00e1cter personal. EJERCICIO DE DERECHOS Cualquier usuario que as\u00ed lo dese\u00e9 puede ejercer sus derechos de Acceso, Rectificaci\u00f3n, Cancelaci\u00f3n y Oposici\u00f3n, solicit\u00e1ndolo por escrito a trav\u00e9s de cualquiera de los medios indicados a continuaci\u00f3n, incluyendo junto a la solicitud una copia de su DNI o documento oficial acreditativo de la identidad Correo Postal: Rambla Nova 37 pral, 1\u00aa cp 43003 (Tarragona) Correo electr\u00f3nico:\u00a0<a href=\"mailto:d.ortega@sanromaasociados.com\">d.ortega@sanromaasociados.com<\/a>","_et_gb_content_width":"1080","footnotes":""},"class_list":["post-95","page","type-page","status-publish","hentry"],"yoast_head":"<!-- This site is optimized with the Yoast SEO plugin v26.9 - https:\/\/yoast.com\/product\/yoast-seo-wordpress\/ -->\n<title>Pol\u00edtica de privacidad - Rafael Sanrom\u00e0<\/title>\n<meta name=\"description\" content=\"Pol\u00edtica de privacidad. En cumplimiento de lo establecido en el art\u00edculo 5 de la Ley Org\u00e1nica 15\/1999, de 13 de diciembre...\" \/>\n<meta name=\"robots\" content=\"index, follow, max-snippet:-1, max-image-preview:large, max-video-preview:-1\" \/>\n<link rel=\"canonical\" href=\"https:\/\/sanromaasociados.com\/ca\/politica-de-privadesa\/\" \/>\n<meta property=\"og:locale\" content=\"ca_ES\" \/>\n<meta property=\"og:type\" content=\"article\" \/>\n<meta property=\"og:title\" content=\"Pol\u00edtica de privacidad - Rafael Sanrom\u00e0\" \/>\n<meta property=\"og:description\" content=\"Pol\u00edtica de privacidad. En cumplimiento de lo establecido en el art\u00edculo 5 de la Ley Org\u00e1nica 15\/1999, de 13 de diciembre...\" \/>\n<meta property=\"og:url\" content=\"https:\/\/sanromaasociados.com\/ca\/politica-de-privadesa\/\" \/>\n<meta property=\"og:site_name\" content=\"Rafael Sanrom\u00e0\" \/>\n<meta property=\"article:modified_time\" content=\"2026-02-11T13:21:01+00:00\" \/>\n<meta name=\"twitter:card\" content=\"summary_large_image\" \/>\n<meta name=\"twitter:label1\" content=\"Temps estimat de lectura\" \/>\n\t<meta name=\"twitter:data1\" content=\"6 minuts\" \/>\n<script type=\"application\/ld+json\" class=\"yoast-schema-graph\">{\"@context\":\"https:\/\/schema.org\",\"@graph\":[{\"@type\":\"WebPage\",\"@id\":\"https:\/\/sanromaasociados.com\/politica-de-privacidad\/\",\"url\":\"https:\/\/sanromaasociados.com\/politica-de-privacidad\/\",\"name\":\"Pol\u00edtica de privacidad - Rafael Sanrom\u00e0\",\"isPartOf\":{\"@id\":\"https:\/\/sanromaasociados.com\/#website\"},\"datePublished\":\"2026-01-20T08:00:34+00:00\",\"dateModified\":\"2026-02-11T13:21:01+00:00\",\"description\":\"Pol\u00edtica de privacidad. En cumplimiento de lo establecido en el art\u00edculo 5 de la Ley Org\u00e1nica 15\/1999, de 13 de diciembre...\",\"breadcrumb\":{\"@id\":\"https:\/\/sanromaasociados.com\/politica-de-privacidad\/#breadcrumb\"},\"inLanguage\":\"ca\",\"potentialAction\":[{\"@type\":\"ReadAction\",\"target\":[\"https:\/\/sanromaasociados.com\/politica-de-privacidad\/\"]}]},{\"@type\":\"BreadcrumbList\",\"@id\":\"https:\/\/sanromaasociados.com\/politica-de-privacidad\/#breadcrumb\",\"itemListElement\":[{\"@type\":\"ListItem\",\"position\":1,\"name\":\"Portada\",\"item\":\"https:\/\/sanromaasociados.com\/\"},{\"@type\":\"ListItem\",\"position\":2,\"name\":\"Pol\u00edtica de privacidad\"}]},{\"@type\":\"WebSite\",\"@id\":\"https:\/\/sanromaasociados.com\/#website\",\"url\":\"https:\/\/sanromaasociados.com\/\",\"name\":\"Rafael Sanrom\u00e0\",\"description\":\"Advocats Associats\",\"publisher\":{\"@id\":\"https:\/\/sanromaasociados.com\/#organization\"},\"potentialAction\":[{\"@type\":\"SearchAction\",\"target\":{\"@type\":\"EntryPoint\",\"urlTemplate\":\"https:\/\/sanromaasociados.com\/?s={search_term_string}\"},\"query-input\":{\"@type\":\"PropertyValueSpecification\",\"valueRequired\":true,\"valueName\":\"search_term_string\"}}],\"inLanguage\":\"ca\"},{\"@type\":\"Organization\",\"@id\":\"https:\/\/sanromaasociados.com\/#organization\",\"name\":\"Rafael Sanrom\u00e0\",\"url\":\"https:\/\/sanromaasociados.com\/\",\"logo\":{\"@type\":\"ImageObject\",\"inLanguage\":\"ca\",\"@id\":\"https:\/\/sanromaasociados.com\/#\/schema\/logo\/image\/\",\"url\":\"https:\/\/sanromaasociados.com\/wp-content\/uploads\/2021\/05\/cropped-download.jpg\",\"contentUrl\":\"https:\/\/sanromaasociados.com\/wp-content\/uploads\/2021\/05\/cropped-download.jpg\",\"width\":512,\"height\":512,\"caption\":\"Rafael Sanrom\u00e0\"},\"image\":{\"@id\":\"https:\/\/sanromaasociados.com\/#\/schema\/logo\/image\/\"}}]}<\/script>\n<!-- \/ Yoast SEO plugin. -->","yoast_head_json":{"title":"Pol\u00edtica de privadesa - Rafael Sanrom\u00e0","description":"Pol\u00edtica de privadesa. En compliment de l&#039;establert en l&#039;article 5 de la Llei Org\u00e0nica 15\/1999, de 13 de desembre...","robots":{"index":"index","follow":"follow","max-snippet":"max-snippet:-1","max-image-preview":"max-image-preview:large","max-video-preview":"max-video-preview:-1"},"canonical":"https:\/\/sanromaasociados.com\/ca\/politica-de-privadesa\/","og_locale":"ca_ES","og_type":"article","og_title":"Pol\u00edtica de privacidad - Rafael Sanrom\u00e0","og_description":"Pol\u00edtica de privacidad. En cumplimiento de lo establecido en el art\u00edculo 5 de la Ley Org\u00e1nica 15\/1999, de 13 de diciembre...","og_url":"https:\/\/sanromaasociados.com\/ca\/politica-de-privadesa\/","og_site_name":"Rafael Sanrom\u00e0","article_modified_time":"2026-02-11T13:21:01+00:00","twitter_card":"summary_large_image","twitter_misc":{"Temps estimat de lectura":"6 minuts"},"schema":{"@context":"https:\/\/schema.org","@graph":[{"@type":"WebPage","@id":"https:\/\/sanromaasociados.com\/politica-de-privacidad\/","url":"https:\/\/sanromaasociados.com\/politica-de-privacidad\/","name":"Pol\u00edtica de privadesa - Rafael Sanrom\u00e0","isPartOf":{"@id":"https:\/\/sanromaasociados.com\/#website"},"datePublished":"2026-01-20T08:00:34+00:00","dateModified":"2026-02-11T13:21:01+00:00","description":"Pol\u00edtica de privadesa. En compliment de l&#039;establert en l&#039;article 5 de la Llei Org\u00e0nica 15\/1999, de 13 de desembre...","breadcrumb":{"@id":"https:\/\/sanromaasociados.com\/politica-de-privacidad\/#breadcrumb"},"inLanguage":"ca","potentialAction":[{"@type":"ReadAction","target":["https:\/\/sanromaasociados.com\/politica-de-privacidad\/"]}]},{"@type":"BreadcrumbList","@id":"https:\/\/sanromaasociados.com\/politica-de-privacidad\/#breadcrumb","itemListElement":[{"@type":"ListItem","position":1,"name":"Portada","item":"https:\/\/sanromaasociados.com\/"},{"@type":"ListItem","position":2,"name":"Pol\u00edtica de privacidad"}]},{"@type":"WebSite","@id":"https:\/\/sanromaasociados.com\/#website","url":"https:\/\/sanromaasociados.com\/","name":"Rafael Sanrom\u00e0","description":"Advocats Associats","publisher":{"@id":"https:\/\/sanromaasociados.com\/#organization"},"potentialAction":[{"@type":"SearchAction","target":{"@type":"EntryPoint","urlTemplate":"https:\/\/sanromaasociados.com\/?s={search_term_string}"},"query-input":{"@type":"PropertyValueSpecification","valueRequired":true,"valueName":"search_term_string"}}],"inLanguage":"ca"},{"@type":"Organization","@id":"https:\/\/sanromaasociados.com\/#organization","name":"Rafael Sanrom\u00e0","url":"https:\/\/sanromaasociados.com\/","logo":{"@type":"ImageObject","inLanguage":"ca","@id":"https:\/\/sanromaasociados.com\/#\/schema\/logo\/image\/","url":"https:\/\/sanromaasociados.com\/wp-content\/uploads\/2021\/05\/cropped-download.jpg","contentUrl":"https:\/\/sanromaasociados.com\/wp-content\/uploads\/2021\/05\/cropped-download.jpg","width":512,"height":512,"caption":"Rafael Sanrom\u00e0"},"image":{"@id":"https:\/\/sanromaasociados.com\/#\/schema\/logo\/image\/"}}]}},"_links":{"self":[{"href":"https:\/\/sanromaasociados.com\/ca\/wp-json\/wp\/v2\/pages\/95","targetHints":{"allow":["GET"]}}],"collection":[{"href":"https:\/\/sanromaasociados.com\/ca\/wp-json\/wp\/v2\/pages"}],"about":[{"href":"https:\/\/sanromaasociados.com\/ca\/wp-json\/wp\/v2\/types\/page"}],"author":[{"embeddable":true,"href":"https:\/\/sanromaasociados.com\/ca\/wp-json\/wp\/v2\/users\/7"}],"replies":[{"embeddable":true,"href":"https:\/\/sanromaasociados.com\/ca\/wp-json\/wp\/v2\/comments?post=95"}],"version-history":[{"count":11,"href":"https:\/\/sanromaasociados.com\/ca\/wp-json\/wp\/v2\/pages\/95\/revisions"}],"predecessor-version":[{"id":976,"href":"https:\/\/sanromaasociados.com\/ca\/wp-json\/wp\/v2\/pages\/95\/revisions\/976"}],"wp:attachment":[{"href":"https:\/\/sanromaasociados.com\/ca\/wp-json\/wp\/v2\/media?parent=95"}],"curies":[{"name":"wp","href":"https:\/\/api.w.org\/{rel}","templated":true}]}}