{"id":81,"date":"2026-01-20T08:00:37","date_gmt":"2026-01-20T08:00:37","guid":{"rendered":"https:\/\/www.sanromaasociados.com\/?page_id=81"},"modified":"2026-01-20T09:00:13","modified_gmt":"2026-01-20T09:00:13","slug":"concursal","status":"publish","type":"page","link":"https:\/\/sanromaasociados.com\/ca\/concursal\/","title":{"rendered":"Concursal"},"content":{"rendered":"<ul>\n<li>Plans de viabilitat per a la continuaci\u00f3 del projecte empresarial.<\/li>\n<li>Planificaci\u00f3, assessorament i tramitaci\u00f3 del procediment concursal.<\/li>\n<li>Representaci\u00f3 en procediments concursals tant de creditors com deutors.<\/li>\n<li>Acords de refinan\u00e7ament de deutes.<\/li>\n<li>Negociaci\u00f3 de convenis amb creditors.<\/li>\n<li>Assessorament i defensa de l\u00f2rgan dadministraci\u00f3 davant judicis de responsabilitat.<\/li>\n<li>Administrador concursal.<\/li>\n<li>Auditories jur\u00eddiques i econ\u00f2miques preconcursals.<\/li>\n<\/ul>","protected":false},"excerpt":{"rendered":"<p>Planes de viabilidad para la continuaci\u00f3n del proyecto empresarial. Planificaci\u00f3n, asesoramiento y tramitaci\u00f3n del procedimiento concursal. Representaci\u00f3n en procedimientos concursales tanto de acreedores como deudores. Acuerdos de refinanciaci\u00f3n de deudas. Negociaci\u00f3n de convenios con acreedores. Asesoramiento y defensa del \u00f3rgano de administraci\u00f3n ante juicios de responsabilidad. Administrador concursal. Auditor\u00edas jur\u00eddicas y econ\u00f3micas pre-concursales.<\/p>","protected":false},"author":7,"featured_media":0,"parent":0,"menu_order":0,"comment_status":"closed","ping_status":"closed","template":"","meta":{"_et_pb_use_builder":"","_et_pb_old_content":"","_et_gb_content_width":"1080","footnotes":""},"class_list":["post-81","page","type-page","status-publish","hentry"],"yoast_head":"<!-- This site is optimized with the Yoast SEO plugin v26.9 - https:\/\/yoast.com\/product\/yoast-seo-wordpress\/ -->\n<title>Concursal - Rafael Sanrom\u00e0<\/title>\n<meta name=\"description\" content=\"Concursal. Planes de viabilidad para la continuaci\u00f3n del proyecto empresarial...\" \/>\n<meta name=\"robots\" content=\"index, follow, max-snippet:-1, max-image-preview:large, max-video-preview:-1\" \/>\n<link rel=\"canonical\" href=\"https:\/\/sanromaasociados.com\/ca\/concursal\/\" \/>\n<meta property=\"og:locale\" content=\"ca_ES\" \/>\n<meta property=\"og:type\" content=\"article\" \/>\n<meta property=\"og:title\" content=\"Concursal - Rafael Sanrom\u00e0\" \/>\n<meta property=\"og:description\" content=\"Concursal. Planes de viabilidad para la continuaci\u00f3n del proyecto empresarial...\" \/>\n<meta property=\"og:url\" content=\"https:\/\/sanromaasociados.com\/ca\/concursal\/\" \/>\n<meta property=\"og:site_name\" content=\"Rafael Sanrom\u00e0\" \/>\n<meta property=\"article:modified_time\" content=\"2026-01-20T09:00:13+00:00\" \/>\n<meta name=\"twitter:card\" content=\"summary_large_image\" \/>\n<meta name=\"twitter:label1\" content=\"Temps estimat de lectura\" \/>\n\t<meta name=\"twitter:data1\" content=\"1 minut\" \/>\n<script type=\"application\/ld+json\" class=\"yoast-schema-graph\">{\"@context\":\"https:\/\/schema.org\",\"@graph\":[{\"@type\":\"WebPage\",\"@id\":\"https:\/\/sanromaasociados.com\/concursal\/\",\"url\":\"https:\/\/sanromaasociados.com\/concursal\/\",\"name\":\"Concursal - Rafael Sanrom\u00e0\",\"isPartOf\":{\"@id\":\"https:\/\/sanromaasociados.com\/#website\"},\"datePublished\":\"2026-01-20T08:00:37+00:00\",\"dateModified\":\"2026-01-20T09:00:13+00:00\",\"description\":\"Concursal. Planes de viabilidad para la continuaci\u00f3n del proyecto empresarial...\",\"breadcrumb\":{\"@id\":\"https:\/\/sanromaasociados.com\/concursal\/#breadcrumb\"},\"inLanguage\":\"ca\",\"potentialAction\":[{\"@type\":\"ReadAction\",\"target\":[\"https:\/\/sanromaasociados.com\/concursal\/\"]}]},{\"@type\":\"BreadcrumbList\",\"@id\":\"https:\/\/sanromaasociados.com\/concursal\/#breadcrumb\",\"itemListElement\":[{\"@type\":\"ListItem\",\"position\":1,\"name\":\"Portada\",\"item\":\"https:\/\/sanromaasociados.com\/\"},{\"@type\":\"ListItem\",\"position\":2,\"name\":\"Concursal\"}]},{\"@type\":\"WebSite\",\"@id\":\"https:\/\/sanromaasociados.com\/#website\",\"url\":\"https:\/\/sanromaasociados.com\/\",\"name\":\"Rafael Sanrom\u00e0\",\"description\":\"Advocats Associats\",\"publisher\":{\"@id\":\"https:\/\/sanromaasociados.com\/#organization\"},\"potentialAction\":[{\"@type\":\"SearchAction\",\"target\":{\"@type\":\"EntryPoint\",\"urlTemplate\":\"https:\/\/sanromaasociados.com\/?s={search_term_string}\"},\"query-input\":{\"@type\":\"PropertyValueSpecification\",\"valueRequired\":true,\"valueName\":\"search_term_string\"}}],\"inLanguage\":\"ca\"},{\"@type\":\"Organization\",\"@id\":\"https:\/\/sanromaasociados.com\/#organization\",\"name\":\"Rafael Sanrom\u00e0\",\"url\":\"https:\/\/sanromaasociados.com\/\",\"logo\":{\"@type\":\"ImageObject\",\"inLanguage\":\"ca\",\"@id\":\"https:\/\/sanromaasociados.com\/#\/schema\/logo\/image\/\",\"url\":\"https:\/\/sanromaasociados.com\/wp-content\/uploads\/2021\/05\/cropped-download.jpg\",\"contentUrl\":\"https:\/\/sanromaasociados.com\/wp-content\/uploads\/2021\/05\/cropped-download.jpg\",\"width\":512,\"height\":512,\"caption\":\"Rafael Sanrom\u00e0\"},\"image\":{\"@id\":\"https:\/\/sanromaasociados.com\/#\/schema\/logo\/image\/\"}}]}<\/script>\n<!-- \/ Yoast SEO plugin. -->","yoast_head_json":{"title":"Concursal - Rafael Sanrom\u00e0","description":"Concursal. Plans de viabilitat per a la continuaci\u00f3 del projecte empresarial...","robots":{"index":"index","follow":"follow","max-snippet":"max-snippet:-1","max-image-preview":"max-image-preview:large","max-video-preview":"max-video-preview:-1"},"canonical":"https:\/\/sanromaasociados.com\/ca\/concursal\/","og_locale":"ca_ES","og_type":"article","og_title":"Concursal - Rafael Sanrom\u00e0","og_description":"Concursal. Planes de viabilidad para la continuaci\u00f3n del proyecto empresarial...","og_url":"https:\/\/sanromaasociados.com\/ca\/concursal\/","og_site_name":"Rafael Sanrom\u00e0","article_modified_time":"2026-01-20T09:00:13+00:00","twitter_card":"summary_large_image","twitter_misc":{"Temps estimat de lectura":"1 minut"},"schema":{"@context":"https:\/\/schema.org","@graph":[{"@type":"WebPage","@id":"https:\/\/sanromaasociados.com\/concursal\/","url":"https:\/\/sanromaasociados.com\/concursal\/","name":"Concursal - Rafael Sanrom\u00e0","isPartOf":{"@id":"https:\/\/sanromaasociados.com\/#website"},"datePublished":"2026-01-20T08:00:37+00:00","dateModified":"2026-01-20T09:00:13+00:00","description":"Concursal. Plans de viabilitat per a la continuaci\u00f3 del projecte empresarial...","breadcrumb":{"@id":"https:\/\/sanromaasociados.com\/concursal\/#breadcrumb"},"inLanguage":"ca","potentialAction":[{"@type":"ReadAction","target":["https:\/\/sanromaasociados.com\/concursal\/"]}]},{"@type":"BreadcrumbList","@id":"https:\/\/sanromaasociados.com\/concursal\/#breadcrumb","itemListElement":[{"@type":"ListItem","position":1,"name":"Portada","item":"https:\/\/sanromaasociados.com\/"},{"@type":"ListItem","position":2,"name":"Concursal"}]},{"@type":"WebSite","@id":"https:\/\/sanromaasociados.com\/#website","url":"https:\/\/sanromaasociados.com\/","name":"Rafael Sanrom\u00e0","description":"Advocats Associats","publisher":{"@id":"https:\/\/sanromaasociados.com\/#organization"},"potentialAction":[{"@type":"SearchAction","target":{"@type":"EntryPoint","urlTemplate":"https:\/\/sanromaasociados.com\/?s={search_term_string}"},"query-input":{"@type":"PropertyValueSpecification","valueRequired":true,"valueName":"search_term_string"}}],"inLanguage":"ca"},{"@type":"Organization","@id":"https:\/\/sanromaasociados.com\/#organization","name":"Rafael Sanrom\u00e0","url":"https:\/\/sanromaasociados.com\/","logo":{"@type":"ImageObject","inLanguage":"ca","@id":"https:\/\/sanromaasociados.com\/#\/schema\/logo\/image\/","url":"https:\/\/sanromaasociados.com\/wp-content\/uploads\/2021\/05\/cropped-download.jpg","contentUrl":"https:\/\/sanromaasociados.com\/wp-content\/uploads\/2021\/05\/cropped-download.jpg","width":512,"height":512,"caption":"Rafael Sanrom\u00e0"},"image":{"@id":"https:\/\/sanromaasociados.com\/#\/schema\/logo\/image\/"}}]}},"_links":{"self":[{"href":"https:\/\/sanromaasociados.com\/ca\/wp-json\/wp\/v2\/pages\/81","targetHints":{"allow":["GET"]}}],"collection":[{"href":"https:\/\/sanromaasociados.com\/ca\/wp-json\/wp\/v2\/pages"}],"about":[{"href":"https:\/\/sanromaasociados.com\/ca\/wp-json\/wp\/v2\/types\/page"}],"author":[{"embeddable":true,"href":"https:\/\/sanromaasociados.com\/ca\/wp-json\/wp\/v2\/users\/7"}],"replies":[{"embeddable":true,"href":"https:\/\/sanromaasociados.com\/ca\/wp-json\/wp\/v2\/comments?post=81"}],"version-history":[{"count":3,"href":"https:\/\/sanromaasociados.com\/ca\/wp-json\/wp\/v2\/pages\/81\/revisions"}],"predecessor-version":[{"id":819,"href":"https:\/\/sanromaasociados.com\/ca\/wp-json\/wp\/v2\/pages\/81\/revisions\/819"}],"wp:attachment":[{"href":"https:\/\/sanromaasociados.com\/ca\/wp-json\/wp\/v2\/media?parent=81"}],"curies":[{"name":"wp","href":"https:\/\/api.w.org\/{rel}","templated":true}]}}