{"id":804,"date":"2026-01-20T08:54:19","date_gmt":"2026-01-20T08:54:19","guid":{"rendered":"https:\/\/sanromaasociados.com\/sanroma-divi\/?page_id=804"},"modified":"2026-01-20T08:58:09","modified_gmt":"2026-01-20T08:58:09","slug":"politica-de-cookies","status":"publish","type":"page","link":"https:\/\/sanromaasociados.com\/ca\/politica-de-cookies\/","title":{"rendered":"Pol\u00edtica de cookies"},"content":{"rendered":"<p>Aquest lloc web utilitza cookies pr\u00f2pies i de tercers per oferir-vos una millor experi\u00e8ncia i servei. En navegar o utilitzar els nostres serveis, l&#039;usuari accepta l&#039;\u00fas que fem de les galetes. Tot i aix\u00f2, l&#039;usuari t\u00e9 l&#039;opci\u00f3 d&#039;impedir la generaci\u00f3 de cookies i l&#039;eliminaci\u00f3 de les mateixes mitjan\u00e7ant la selecci\u00f3 de la corresponent.<\/p>\n\n\n\n<p><strong>\u00bf<\/strong><strong>Qu\u00e8 \u00e9s una galeta?<\/strong><strong><\/strong><\/p>\n\n\n\n<p>Una galeta \u00e9s un petit fragment de text que els llocs web envien al navegador i que s&#039;emmagatzemen al terminal de l&#039;usuari, que pot ser un ordinador personal, un tel\u00e8fon m\u00f2bil, tauleta, etc. Aquests fitxers permeten que el lloc web recordi informaci\u00f3 sobre la vostra visita, com l&#039;idioma i les opcions preferides, la qual cosa pot facilitar la propera visita i fer que el lloc resulti m\u00e9s \u00fatil en personalitzar el contingut. Les galetes exerceixen un paper molt important, en millorar l&#039;experi\u00e8ncia d&#039;\u00fas de la web.<\/p>\n\n\n\n<p><strong>Tipus de cookies<\/strong><\/p>\n\n\n\n<p>Segons l&#039;entitat que les gestioni, les galetes poden ser:<\/p>\n\n\n\n<ul class=\"wp-block-list\">\n<li><strong>Cookies pr\u00f2pies:<\/strong> S\u00f3n les que s&#039;envien a l&#039;equip terminal de l&#039;interessat des d&#039;un equip o domini gestionat pel mateix editor i des del qual es presta el servei sol\u00b7licitat per l&#039;usuari.<\/li>\n\n\n\n<li><strong>Cookies de tercers: <\/strong>S\u00f3n aquelles que s&#039;envien a l&#039;equip terminal de l&#039;usuari des d&#039;un equip o domini que no \u00e9s gestionat per l&#039;editor, sin\u00f3 per una altra entitat que tracta les dades obtingudes a trav\u00e9s de les galetes.<\/li>\n<\/ul>\n\n\n\n<p>Segons el termini de temps que romanen activades:<\/p>\n\n\n\n<ul class=\"wp-block-list\">\n<li><strong>Galetes de sessi\u00f3<\/strong>: S\u00f3n un tipus de cookies dissenyades per demanar i emmagatzemar dades mentre l&#039;usuari accedeix a una p\u00e0gina web. Se solen utilitzar per emmagatzemar informaci\u00f3 que nom\u00e9s interessa conservar per a la prestaci\u00f3 del servei sol\u00b7licitat per l&#039;usuari en una sola ocasi\u00f3.<\/li>\n\n\n\n<li><strong>Cookies persistents:<\/strong> S\u00f3n un tipus de cookies en qu\u00e8 les dades segueixen emmagatzemades al terminal i poden ser accedides i tractades durant un per\u00edode definit pel responsable de la galeta, i que pot anar d&#039;uns minuts a diversos anys.<\/li>\n<\/ul>\n\n\n\n<p>Segons la finalitat per a la qual es tractin les dades obtingudes a trav\u00e9s de les cookies, la web pot utilitzar:<\/p>\n\n\n\n<p><strong><em>Galetes t\u00e8cniques<\/em><\/strong> \u2013 S\u00f3n aquelles que permeten a l&#039;usuari la navegaci\u00f3 a trav\u00e9s de la p\u00e0gina web o aplicaci\u00f3 i la utilitzaci\u00f3 de les diferents opcions o serveis que hi existeixen. Per exemple, controlar el tr\u00e0nsit i la comunicaci\u00f3 de dades, identificar la sessi\u00f3, accedir a les parts web d&#039;acc\u00e9s restringit, recordar els elements que integren una comanda, fer la sol\u00b7licitud d&#039;inscripci\u00f3 o participaci\u00f3 en un esdeveniment, utilitzar elements de seguretat durant la navegaci\u00f3 i emmagatzemar continguts per a la difusi\u00f3 de v\u00eddeos o so.<\/p>\n\n\n\n<p><strong><em>Galetes de personalitzaci\u00f3<\/em><\/strong><em> <\/em>\u2013 S\u00f3n aquelles que permeten a l&#039;usuari accedir al servei amb algunes caracter\u00edstiques de car\u00e0cter general predefinides al seu terminal o que el mateix usuari defineixi. Per exemple, l&#039;idioma, el tipus de navegador a trav\u00e9s del qual accedeix al servei, el disseny de continguts seleccionat, la geolocalitzaci\u00f3 del terminal i la configuraci\u00f3 regional des d&#039;on s&#039;accedeix al servei.<\/p>\n\n\n\n<p><strong><em>Galetes publicit\u00e0ries <\/em><\/strong>\u2013 S\u00f3n aquelles que permeten la gesti\u00f3 efica\u00e7 dels espais publicitaris que s&#039;han incl\u00f2s a la p\u00e0gina web o aplicaci\u00f3 des de la qual es presta el servei. Permeten adequar el contingut de la publicitat perqu\u00e8 aquesta sigui rellevant per a lusuari i per evitar mostrar anuncis que lusuari hagi vist.<\/p>\n\n\n\n<p><strong><em>Galetes d&#039;an\u00e0lisi estad\u00edstica<\/em><\/strong> \u2013 S\u00f3n aquelles que permeten fer el seguiment i l&#039;an\u00e0lisi del comportament dels usuaris als llocs web. La informaci\u00f3 recollida mitjan\u00e7ant aquest tipus de cookies s&#039;utilitza en el mesurament de l&#039;activitat dels llocs web, l&#039;aplicaci\u00f3 o la plataforma i per a l&#039;elaboraci\u00f3 de perfils de navegaci\u00f3 dels usuaris d&#039;aquests llocs, amb la finalitat d&#039;introduir millores al servei en funci\u00f3 de les dades d&#039;\u00fas que fan els usuaris.<\/p>\n\n\n\n<p>Les cookies utilitzades en aquest lloc web les podeu veure al <strong><em><u>panell de configuraci\u00f3<\/u><\/em><\/strong> i ajustar-ne la configuraci\u00f3 en qualsevol moment.<\/p>\n\n\n\n<p>NOTA: Es pot afegir un enlla\u00e7 al panell de configuraci\u00f3 o completar la taula seg\u00fcent amb la descripci\u00f3 de les galetes que la web realment utilitza.<\/p>\n\n\n\n<p><strong>La identificaci\u00f3 de qui utilitza les galetes, el tipus de galetes utilitzades i altres detalls<\/strong>, s&#039;indica a continuaci\u00f3:<\/p>\n\n\n\n<figure class=\"wp-block-table\"><table class=\"has-fixed-layout\"><tbody><tr><td><strong>Cookies pr\u00f2pies<\/strong> <strong>Galetes de tercers<\/strong> <strong>Entitat que utilitza les cookies:<\/strong> Google Analytics.<strong> Prop\u00f2sit:<\/strong> Recollir informaci\u00f3 sobre la navegaci\u00f3 dels usuaris pel lloc per con\u00e8ixer l&#039;origen de les visites i altres dades similars a nivell estad\u00edstic.<strong> M\u00e9s informaci\u00f3:<\/strong> Google Analytics, Centre de privadesa de Google.<\/td><\/tr><\/tbody><\/table><\/figure>\n\n\n\n<p>Nota: Les galetes de tipus \u201cPr\u00f2pies\u201d s\u00f3n utilitzades nom\u00e9s pel propietari d&#039;aquesta web i les galetes \u201cDe tercers\u201d s\u00f3n utilitzades, tamb\u00e9, pel prestador del servei detallat a la taula anterior.<\/p>\n\n\n\n<p>Podeu informar-vos de les transfer\u00e8ncies a tercers pa\u00efsos que, si escau, realitzen els tercers identificats en aquesta pol\u00edtica de cookies en les seves pol\u00edtiques corresponents (vegeu els enlla\u00e7os facilitats a l&#039;apartat \u201cM\u00e9s informaci\u00f3\u201d de la taula anterior).<\/p>\n\n\n\n<p><strong>Com administrar cookies al vostre navegador?<\/strong><\/p>\n\n\n\n<p>L&#039;usuari t\u00e9 l&#039;opci\u00f3 de permetre, bloquejar o eliminar les cookies instal\u00b7lades al vostre equip mitjan\u00e7ant la configuraci\u00f3 de les opcions del navegador instal\u00b7lat al vostre terminal:<\/p>\n\n\n\n<ul class=\"wp-block-list\">\n<li><strong>Firefox<\/strong>:<\/li>\n<\/ul>\n\n\n\n<p><a href=\"about:blank\">http:\/\/support.mozilla.org\/es\/kb\/habilitar-y-deshabilitar-cookies-que-los-sitios-we<\/a><\/p>\n\n\n\n<ul class=\"wp-block-list\">\n<li><strong>Chrome<\/strong>:<\/li>\n<\/ul>\n\n\n\n<p><a href=\"about:blank\">http:\/\/support.google.com\/chrome\/bin\/answer.py?hl=es&amp;answer=95647<\/a><\/p>\n\n\n\n<ul class=\"wp-block-list\">\n<li><strong>Internet Explorer<\/strong>:<\/li>\n<\/ul>\n\n\n\n<p><a href=\"https:\/\/support.microsoft.com\/es-es\/help\/278835\/how-to-delete-cookie-files-in-internet-explorer\">https:\/\/support.microsoft.com\/es-es\/help\/278835\/how-to-delete-cookie-files-in-internet-explorer<\/a><\/p>\n\n\n\n<ul class=\"wp-block-list\">\n<li><strong>Microsoft Edge:<\/strong><\/li>\n<\/ul>\n\n\n\n<p><a href=\"https:\/\/support.microsoft.com\/es-es\/help\/4468242\/microsoft-edge-browsing-data-and-privacy-microsoft-privacy\">https:\/\/support.microsoft.com\/es-es\/help\/4468242\/microsoft-edge-browsing-data-and-privacy-microsoft-privacy<\/a><\/p>\n\n\n\n<ul class=\"wp-block-list\">\n<li><strong>Safari<\/strong>:<\/li>\n<\/ul>\n\n\n\n<p><a href=\"about:blank\">http:\/\/support.apple.com\/kb\/ph5042<\/a><\/p>\n\n\n\n<ul class=\"wp-block-list\">\n<li><strong>Opera<\/strong>:<\/li>\n<\/ul>\n\n\n\n<p><a href=\"about:blank\">http:\/\/help.opera.com\/Windows\/11.50\/es-ES\/cookies.html<\/a><\/p>\n\n\n\n<p>En cas de bloquejar l&#039;\u00fas de cookies al vostre navegador, \u00e9s possible que alguns serveis o funcionalitats de la p\u00e0gina web no estiguin disponibles.<\/p>\n\n\n\n<p>En alguns navegadors es poden configurar regles espec\u00edfiques per administrar cookies per lloc web, cosa que ofereix un control m\u00e9s prec\u00eds sobre la privadesa. Aix\u00f2 significa que es poden inhabilitar galetes de tots els llocs excepte d&#039;aquells en qu\u00e8 es confi\u00ef.<\/p>\n\n\n\n<p><strong>Actualitzat:<\/strong>\u00a020\/1\/2026 09:54<\/p>\n\n\n\n<p><strong>Qu\u00e8 s\u00f3n les galetes?<\/strong><\/p>\n\n\n\n<p>Les galetes i les tecnologies similars s\u00f3n documents de text molt petits o fragments de codi que sovint contenen un codi d&#039;identificaci\u00f3 \u00fanic. Quan visiteu un lloc web o utilitzeu una aplicaci\u00f3 m\u00f2bil, un ordinador demana perm\u00eds al vostre ordinador o dispositiu m\u00f2bil per desar aquest fitxer a l&#039;ordinador o dispositiu m\u00f2bil i accedir a la informaci\u00f3. La informaci\u00f3 recopilada a trav\u00e9s de galetes i tecnologies similars pot incloure la data i l&#039;hora de la visita i la manera com utilitza un lloc web o una aplicaci\u00f3 m\u00f2bil en particular.<\/p>\n\n\n\n<p><strong>Per qu\u00e8 utilitzem cookies?<\/strong><\/p>\n\n\n\n<p>Les cookies asseguren que durant la seva visita a la nostra botiga en l\u00ednia vost\u00e8 estigui connectat, que tots els articles romanguin emmagatzemats a la cistella de compres, que pugui comprar de forma segura i que el lloc web segueixi funcionant sense problemes. Les cookies tamb\u00e9 asseguren que puguem veure com es fa servir el nostre lloc web i com podem millorar-lo. A m\u00e9s, depenent de les vostres prefer\u00e8ncies, les nostres galetes poden ser usades per presentar-vos anuncis espec\u00edfics que coincideixin amb els vostres interessos personals.<\/p>\n\n\n\n<p><strong>Quin tipus de galetes utilitzem?<\/strong><\/p>\n\n\n\n<p><strong>Cookies necess\u00e0ries<\/strong><\/p>\n\n\n\n<p>Aquestes galetes s\u00f3n necess\u00e0ries perqu\u00e8 el lloc web funcioni correctament. Algunes de les seg\u00fcents accions es poden realitzar gr\u00e0cies a aquestes galetes:<\/p>\n\n\n\n<p>\u2013 Emmagatzemar articles en un carret de compra per a compres en l\u00ednia<br>\u2013 Desar les prefer\u00e8ncies de cookies per a aquest lloc web<br>\u2013 Desar prefer\u00e8ncies d&#039;idioma<br>\u2013 Iniciar una sessi\u00f3 al nostre portal. Hem de comprovar si heu iniciat sessi\u00f3.<\/p>\n\n\n\n<p><strong>Com puc desactivar o eliminar les galetes?<\/strong><\/p>\n\n\n\n<p>Podeu optar per no utilitzar totes les galetes, excepte les necess\u00e0ries. A la configuraci\u00f3 del navegador, podeu canviar la configuraci\u00f3 per assegurar-vos que es bloquegin les galetes. La majoria dels navegadors us ofereixen una explicaci\u00f3 sobre com fer-ho a l&#039;anomenat men\u00fa d&#039;ajuda. No obstant aix\u00f2, si bloqueja les galetes, \u00e9s possible que no pugueu gaudir de totes les caracter\u00edstiques t\u00e8cniques que el nostre lloc web t\u00e9 per oferir-vos i pot afectar negativament la vostra experi\u00e8ncia d&#039;usuari.<\/p>\n\n\n\n<p>Hem facilitat la gesti\u00f3 del vostre consentiment.<\/p>\n\n\n\n<p>Si voleu veure la vostra auditoria de consentiments, poseu-vos en contacte amb l&#039;administrador del lloc web.<\/p>\n\n\n\n<p>El seu darrer canvi de consentiment s&#039;ha registrat: <strong>20\/1\/2026 09:56<\/strong><\/p>\n\n\n\n<p><strong>Les cookies que utilitzem al nostre lloc web<\/strong><\/p>\n\n\n\n<p><strong>Actualitzat:<\/strong>\u00a020\/1\/2026 09:56<\/p>\n\n\n\n<p><strong>Necess\u00e0ria<\/strong><\/p>\n\n\n\n<p><strong>Nom:<\/strong> cookiefirst-consent<\/p>\n\n\n\n<ul class=\"wp-block-list\">\n<li><strong>Prop\u00f2sit:<\/strong> Aquesta galeta guarda les vostres prefer\u00e8ncies de cookies per a aquest lloc web. Podeu canviar-les o retirar el consentiment f\u00e0cilment.<\/li>\n\n\n\n<li><strong>Nom del domini: <\/strong><a href=\"https:\/\/sanromaasociados.com\/ca\/\">https:\/\/sanromaasociados.com\/<\/a> <\/li>\n\n\n\n<li><strong>Caducitat:<\/strong> un any<\/li>\n\n\n\n<li><strong>Prove\u00efdor: <\/strong><a href=\"https:\/\/cookiefirst.com\/legal\/data-processing-agreement\/?trp-edit-translation=preview\">Cookie First<\/a><\/li>\n\n\n\n<li><strong>Type: <\/strong>Cookie<\/li>\n<\/ul>\n\n\n\n<p><strong>Nom:<\/strong> cookiefirst-consent<\/p>\n\n\n\n<ul class=\"wp-block-list\">\n<li><strong>Prop\u00f2sit:<\/strong> Aquesta galeta guarda les vostres prefer\u00e8ncies de cookies per a aquest lloc web. Podeu canviar-les o retirar el consentiment f\u00e0cilment.<\/li>\n\n\n\n<li><strong>Nom del domini: <\/strong><a href=\"https:\/\/sanromaasociados.com\/ca\/\">https:\/\/sanromaasociados.com\/<\/a> <\/li>\n\n\n\n<li><strong>Caducitat:<\/strong> persistent<\/li>\n\n\n\n<li><strong>Prove\u00efdor: <\/strong><a href=\"https:\/\/cookiefirst.com\/legal\/data-processing-agreement\/?trp-edit-translation=preview\">Cookie First<\/a><\/li>\n\n\n\n<li><strong>Type: <\/strong>Local storage<\/li>\n<\/ul>\n\n\n\n<p><strong>Nom:<\/strong> cookiefirst-id<\/p>\n\n\n\n<ul class=\"wp-block-list\">\n<li><strong>Prop\u00f2sit:<\/strong> Aquesta galeta cont\u00e9 el vostre identificador \u00fanic perqu\u00e8 CookieFirst pugui identificar els visitants \u00fanics d&#039;aquest lloc web.<\/li>\n\n\n\n<li><strong>Nom del domini: <\/strong>ubmora.com<\/li>\n\n\n\n<li><strong>Caducitat:<\/strong> persistent<\/li>\n\n\n\n<li><strong>Prove\u00efdor: <\/strong><a href=\"https:\/\/cookiefirst.com\/legal\/data-processing-agreement\/?trp-edit-translation=preview\">Cookie First<\/a><\/li>\n\n\n\n<li><strong>Type: <\/strong>Local storage<\/li>\n<\/ul>","protected":false},"excerpt":{"rendered":"<p>Este sitio web utiliza cookies propias y de terceros para ofrecerle una mejor experiencia y servicio. Al navegar o utilizar nuestros servicios, el usuario acepta el uso que hacemos de las cookies. Sin embargo, el usuario tiene la opci\u00f3n de impedir la generaci\u00f3n de cookies y la eliminaci\u00f3n de las mismas mediante la selecci\u00f3n de [&hellip;]<\/p>\n","protected":false},"author":7,"featured_media":0,"parent":0,"menu_order":0,"comment_status":"closed","ping_status":"closed","template":"","meta":{"_et_pb_use_builder":"off","_et_pb_old_content":"","_et_gb_content_width":"1080","footnotes":""},"class_list":["post-804","page","type-page","status-publish","hentry"],"yoast_head":"<!-- This site is optimized with the Yoast SEO plugin v26.9 - https:\/\/yoast.com\/product\/yoast-seo-wordpress\/ -->\n<title>Pol\u00edtica de cookies - Rafael Sanrom\u00e0<\/title>\n<meta name=\"description\" content=\"Cookies. Este sitio web utiliza cookies propias y de terceros para ofrecerle una mejor experiencia y servicio.\" \/>\n<meta name=\"robots\" content=\"index, follow, max-snippet:-1, max-image-preview:large, max-video-preview:-1\" \/>\n<link rel=\"canonical\" href=\"https:\/\/sanromaasociados.com\/ca\/politica-de-cookies\/\" \/>\n<meta property=\"og:locale\" content=\"ca_ES\" \/>\n<meta property=\"og:type\" content=\"article\" \/>\n<meta property=\"og:title\" content=\"Pol\u00edtica de cookies - Rafael Sanrom\u00e0\" \/>\n<meta property=\"og:description\" content=\"Cookies. Este sitio web utiliza cookies propias y de terceros para ofrecerle una mejor experiencia y servicio.\" \/>\n<meta property=\"og:url\" content=\"https:\/\/sanromaasociados.com\/ca\/politica-de-cookies\/\" \/>\n<meta property=\"og:site_name\" content=\"Rafael Sanrom\u00e0\" \/>\n<meta property=\"article:modified_time\" content=\"2026-01-20T08:58:09+00:00\" \/>\n<meta name=\"twitter:card\" content=\"summary_large_image\" \/>\n<meta name=\"twitter:label1\" content=\"Temps estimat de lectura\" \/>\n\t<meta name=\"twitter:data1\" content=\"7 minuts\" \/>\n<script type=\"application\/ld+json\" class=\"yoast-schema-graph\">{\"@context\":\"https:\/\/schema.org\",\"@graph\":[{\"@type\":\"WebPage\",\"@id\":\"https:\/\/sanromaasociados.com\/politica-de-cookies\/\",\"url\":\"https:\/\/sanromaasociados.com\/politica-de-cookies\/\",\"name\":\"Pol\u00edtica de cookies - Rafael Sanrom\u00e0\",\"isPartOf\":{\"@id\":\"https:\/\/sanromaasociados.com\/#website\"},\"datePublished\":\"2026-01-20T08:54:19+00:00\",\"dateModified\":\"2026-01-20T08:58:09+00:00\",\"description\":\"Cookies. Este sitio web utiliza cookies propias y de terceros para ofrecerle una mejor experiencia y servicio.\",\"breadcrumb\":{\"@id\":\"https:\/\/sanromaasociados.com\/politica-de-cookies\/#breadcrumb\"},\"inLanguage\":\"ca\",\"potentialAction\":[{\"@type\":\"ReadAction\",\"target\":[\"https:\/\/sanromaasociados.com\/politica-de-cookies\/\"]}]},{\"@type\":\"BreadcrumbList\",\"@id\":\"https:\/\/sanromaasociados.com\/politica-de-cookies\/#breadcrumb\",\"itemListElement\":[{\"@type\":\"ListItem\",\"position\":1,\"name\":\"Portada\",\"item\":\"https:\/\/sanromaasociados.com\/\"},{\"@type\":\"ListItem\",\"position\":2,\"name\":\"Pol\u00edtica de cookies\"}]},{\"@type\":\"WebSite\",\"@id\":\"https:\/\/sanromaasociados.com\/#website\",\"url\":\"https:\/\/sanromaasociados.com\/\",\"name\":\"Rafael Sanrom\u00e0\",\"description\":\"Advocats Associats\",\"publisher\":{\"@id\":\"https:\/\/sanromaasociados.com\/#organization\"},\"potentialAction\":[{\"@type\":\"SearchAction\",\"target\":{\"@type\":\"EntryPoint\",\"urlTemplate\":\"https:\/\/sanromaasociados.com\/?s={search_term_string}\"},\"query-input\":{\"@type\":\"PropertyValueSpecification\",\"valueRequired\":true,\"valueName\":\"search_term_string\"}}],\"inLanguage\":\"ca\"},{\"@type\":\"Organization\",\"@id\":\"https:\/\/sanromaasociados.com\/#organization\",\"name\":\"Rafael Sanrom\u00e0\",\"url\":\"https:\/\/sanromaasociados.com\/\",\"logo\":{\"@type\":\"ImageObject\",\"inLanguage\":\"ca\",\"@id\":\"https:\/\/sanromaasociados.com\/#\/schema\/logo\/image\/\",\"url\":\"https:\/\/sanromaasociados.com\/wp-content\/uploads\/2021\/05\/cropped-download.jpg\",\"contentUrl\":\"https:\/\/sanromaasociados.com\/wp-content\/uploads\/2021\/05\/cropped-download.jpg\",\"width\":512,\"height\":512,\"caption\":\"Rafael Sanrom\u00e0\"},\"image\":{\"@id\":\"https:\/\/sanromaasociados.com\/#\/schema\/logo\/image\/\"}}]}<\/script>\n<!-- \/ Yoast SEO plugin. -->","yoast_head_json":{"title":"Pol\u00edtica de cookies - Rafael Sanrom\u00e0","description":"Galetes. Aquest lloc web utilitza cookies pr\u00f2pies i de tercers per oferir-vos una millor experi\u00e8ncia i servei.","robots":{"index":"index","follow":"follow","max-snippet":"max-snippet:-1","max-image-preview":"max-image-preview:large","max-video-preview":"max-video-preview:-1"},"canonical":"https:\/\/sanromaasociados.com\/ca\/politica-de-cookies\/","og_locale":"ca_ES","og_type":"article","og_title":"Pol\u00edtica de cookies - Rafael Sanrom\u00e0","og_description":"Cookies. Este sitio web utiliza cookies propias y de terceros para ofrecerle una mejor experiencia y servicio.","og_url":"https:\/\/sanromaasociados.com\/ca\/politica-de-cookies\/","og_site_name":"Rafael Sanrom\u00e0","article_modified_time":"2026-01-20T08:58:09+00:00","twitter_card":"summary_large_image","twitter_misc":{"Temps estimat de lectura":"7 minuts"},"schema":{"@context":"https:\/\/schema.org","@graph":[{"@type":"WebPage","@id":"https:\/\/sanromaasociados.com\/politica-de-cookies\/","url":"https:\/\/sanromaasociados.com\/politica-de-cookies\/","name":"Pol\u00edtica de cookies - Rafael Sanrom\u00e0","isPartOf":{"@id":"https:\/\/sanromaasociados.com\/#website"},"datePublished":"2026-01-20T08:54:19+00:00","dateModified":"2026-01-20T08:58:09+00:00","description":"Galetes. Aquest lloc web utilitza cookies pr\u00f2pies i de tercers per oferir-vos una millor experi\u00e8ncia i servei.","breadcrumb":{"@id":"https:\/\/sanromaasociados.com\/politica-de-cookies\/#breadcrumb"},"inLanguage":"ca","potentialAction":[{"@type":"ReadAction","target":["https:\/\/sanromaasociados.com\/politica-de-cookies\/"]}]},{"@type":"BreadcrumbList","@id":"https:\/\/sanromaasociados.com\/politica-de-cookies\/#breadcrumb","itemListElement":[{"@type":"ListItem","position":1,"name":"Portada","item":"https:\/\/sanromaasociados.com\/"},{"@type":"ListItem","position":2,"name":"Pol\u00edtica de cookies"}]},{"@type":"WebSite","@id":"https:\/\/sanromaasociados.com\/#website","url":"https:\/\/sanromaasociados.com\/","name":"Rafael Sanrom\u00e0","description":"Advocats Associats","publisher":{"@id":"https:\/\/sanromaasociados.com\/#organization"},"potentialAction":[{"@type":"SearchAction","target":{"@type":"EntryPoint","urlTemplate":"https:\/\/sanromaasociados.com\/?s={search_term_string}"},"query-input":{"@type":"PropertyValueSpecification","valueRequired":true,"valueName":"search_term_string"}}],"inLanguage":"ca"},{"@type":"Organization","@id":"https:\/\/sanromaasociados.com\/#organization","name":"Rafael Sanrom\u00e0","url":"https:\/\/sanromaasociados.com\/","logo":{"@type":"ImageObject","inLanguage":"ca","@id":"https:\/\/sanromaasociados.com\/#\/schema\/logo\/image\/","url":"https:\/\/sanromaasociados.com\/wp-content\/uploads\/2021\/05\/cropped-download.jpg","contentUrl":"https:\/\/sanromaasociados.com\/wp-content\/uploads\/2021\/05\/cropped-download.jpg","width":512,"height":512,"caption":"Rafael Sanrom\u00e0"},"image":{"@id":"https:\/\/sanromaasociados.com\/#\/schema\/logo\/image\/"}}]}},"_links":{"self":[{"href":"https:\/\/sanromaasociados.com\/ca\/wp-json\/wp\/v2\/pages\/804","targetHints":{"allow":["GET"]}}],"collection":[{"href":"https:\/\/sanromaasociados.com\/ca\/wp-json\/wp\/v2\/pages"}],"about":[{"href":"https:\/\/sanromaasociados.com\/ca\/wp-json\/wp\/v2\/types\/page"}],"author":[{"embeddable":true,"href":"https:\/\/sanromaasociados.com\/ca\/wp-json\/wp\/v2\/users\/7"}],"replies":[{"embeddable":true,"href":"https:\/\/sanromaasociados.com\/ca\/wp-json\/wp\/v2\/comments?post=804"}],"version-history":[{"count":2,"href":"https:\/\/sanromaasociados.com\/ca\/wp-json\/wp\/v2\/pages\/804\/revisions"}],"predecessor-version":[{"id":810,"href":"https:\/\/sanromaasociados.com\/ca\/wp-json\/wp\/v2\/pages\/804\/revisions\/810"}],"wp:attachment":[{"href":"https:\/\/sanromaasociados.com\/ca\/wp-json\/wp\/v2\/media?parent=804"}],"curies":[{"name":"wp","href":"https:\/\/api.w.org\/{rel}","templated":true}]}}