{"id":798,"date":"2026-01-20T08:52:27","date_gmt":"2026-01-20T08:52:27","guid":{"rendered":"https:\/\/sanromaasociados.com\/sanroma-divi\/?page_id=798"},"modified":"2026-01-20T08:53:34","modified_gmt":"2026-01-20T08:53:34","slug":"avis-legal","status":"publish","type":"page","link":"https:\/\/sanromaasociados.com\/ca\/aviso-legal\/","title":{"rendered":"Av\u00eds Legal"},"content":{"rendered":"<p><strong>TITULAR DEL WEB<\/strong><\/p>\n\n\n\n<p>En compliment del deure informar recollit en larticle 10 de la Llei 34\/2002, de 11 de juliol, de Serveis de la Societat de la Informaci\u00f3 i del Comer\u00e7 Electr\u00f2nic.<\/p>\n\n\n\n<p><strong>OBJECTE<\/strong><\/p>\n\n\n\n<p>El responsable posa a disposici\u00f3 dels usuaris el present document amb el qual pret\u00e9n donar compliment del que disposa la normativa vigent en mat\u00e8ria de protecci\u00f3 de dades, i en el context del nou marc normatiu establert en virtut del que disposa el Reglament (UE) 2016\/679 del Parlament Europeu i del Consell, del 27 d&#039;abril de 2016, relatiu a la protecci\u00f3 de les persones f\u00edsica dades (d&#039;ara endavant, el \u201cRGPD\u201d), i la normativa nacional Llei Org\u00e0nica de Protecci\u00f3 de Dades i Garantia dels Drets Digitals (en endavant, el \u201cLOPDGDD\u201d), aix\u00ed com informar a tots els usuaris del lloc web respecte a qui s\u00f3n les condicions d&#039;\u00fas del mateix.<\/p>\n\n\n\n<p>Tota persona que accedeixi a aquest lloc web assumeix el paper d&#039;usuari, comprometent-se a l&#039;observan\u00e7a i el rigor\u00f3s compliment de les disposicions aqu\u00ed disposades, aix\u00ed com a qualsevol altra disposici\u00f3 legal aplicable.<\/p>\n\n\n\n<p>El Responsable es reserva el dret a modificar qualsevol tipus d&#039;informaci\u00f3 publicada al lloc web, sense que hi hagi obligaci\u00f3 de preavisar o posar en coneixement dels usuaris aquestes obligacions, entenent-se com a suficient amb la publicaci\u00f3 al lloc web del Responsable.<\/p>\n\n\n\n<p><strong>RESPONSABILITAT<\/strong><\/p>\n\n\n\n<p>El Responsable s&#039;eximeix de qualsevol tipus de responsabilitat derivada de la informaci\u00f3 publicada al vostre lloc web que hagi estat manipulada o introdu\u00efda per un tercer ali\u00e8 al mateix.<\/p>\n\n\n\n<p><strong>ADRECES IP<\/strong><\/p>\n\n\n\n<p>Els servidors del lloc web detecten autom\u00e0ticament ladre\u00e7a IP i el nom de domini utilitzats per lusuari.<\/p>\n\n\n\n<p>Una adre\u00e7a IP \u00e9s un n\u00famero assignat autom\u00e0ticament a un ordinador quan aquest es connecta a Internet. Tota aquesta informaci\u00f3 est\u00e0 registrada en un fitxer d&#039;activitat del servidor, que permet el processament posterior de les dades per obtenir mesures \u00fanicament estad\u00edstiques que permetin con\u00e8ixer el nombre d&#039;impressions de p\u00e0gines, el nombre de visites realitzades als servidors web, l&#039;ordre de visites, el punt d&#039;acc\u00e9s, etc.<\/p>\n\n\n\n<p><strong>POL\u00cdTICA D&#039;ENLLA\u00c7OS<\/strong><\/p>\n\n\n\n<p>Des del present lloc web \u00e9s possible que es redirigeixi a continguts de tercers llocs web. At\u00e8s que El Responsable no pot controlar sempre els continguts introdu\u00efts pels tercers als seus llocs web, aquest no assumeix cap mena de responsabilitat respecte a aquests continguts. En tot cas, El Responsable manifesta que procedir\u00e0 a la retirada immediata de qualsevol contingut que pogu\u00e9s contravenir la legislaci\u00f3 nacional o internacional, la moral o l&#039;ordre p\u00fablic, procedint a la retirada immediata de la redirecci\u00f3 a aquest lloc web, posant en coneixement de les autoritats competents el contingut en q\u00fcesti\u00f3.<\/p>\n\n\n\n<p>El Responsable no es fa responsable de la informaci\u00f3 i continguts emmagatzemats, a t\u00edtol enunciatiu per\u00f2 no limitatiu, en f\u00f2rums, xat, generadors de blocs, comentaris, xarxes socials o qualsevol altre mitj\u00e0 que permeti a tercers publicar continguts de forma independent a la p\u00e0gina web del Responsable. No obstant aix\u00f2 i en compliment del que disposa l&#039;art. 11 i 16 de la LSSICE, El Responsable es posa a disposici\u00f3 de tots els usuaris, autoritats i forces de seguretat, col\u00b7laborant de forma activa en la retirada o si \u00e9s el cas bloqueig de tots aquells continguts que puguin afectar o contravenir la legislaci\u00f3 nacional, o internacional, drets de tercers o la moral i l&#039;ordre p\u00fablic. En cas que l&#039;usuari consideri que hi ha al lloc web algun contingut que pogu\u00e9s ser susceptible d&#039;aquesta classificaci\u00f3, es prega que ho faci saber de manera immediata a l&#039;administrador del lloc web.<\/p>\n\n\n\n<p>Aquest lloc web ha estat revisat i provat perqu\u00e8 funcioni correctament. En principi, se&#039;n pot garantir el funcionament correcte els 365 dies de l&#039;any, 24 hores al dia. Tot i aix\u00f2, El Responsable no descarta la possibilitat que hi hagi certs errors de programaci\u00f3, o que es converteixin en causes de for\u00e7a major, cat\u00e0strofes naturals, vagues, o circumst\u00e0ncies similars que facin impossible l&#039;acc\u00e9s a la p\u00e0gina web.<\/p>\n\n\n\n<p><strong>PROTECCI\u00d3 DE DADES<\/strong><\/p>\n\n\n\n<p>El Responsable compleix el que disposa el Reglament (UE) 2016\/679 del Parlament Europeu i del Consell, de 27 d&#039;abril de 2016, relatiu a la protecci\u00f3 de les persones f\u00edsiques pel que fa al tractament de dades personals ia la lliure circulaci\u00f3 d&#039;aquestes dades (RGPD), i la normativa nacional Llei org\u00e0nica de protecci\u00f3 de dades i garantia.<\/p>\n\n\n\n<p>Aix\u00ed mateix, El Responsable informa que donar compliment a la Llei 34\/2002 d&#039;11 de juliol, de Serveis de la Societat de la Informaci\u00f3 i el Comer\u00e7 Electr\u00f2nic i us sol\u00b7licitar\u00e0 el vostre consentiment al tractament de les vostres dades amb fins comercials en cada moment.<\/p>\n\n\n\n<p><strong>PROPIETAT INTEL\u00b7LECTUAL I INDUSTRIAL<\/strong><\/p>\n\n\n\n<p>El lloc web, incl\u00f2s el t\u00edtol enunciatiu per\u00f2 no limitatiu, la seva programaci\u00f3, edici\u00f3, compilaci\u00f3 i altres elements necessaris per al seu funcionament, els dissenys, logotips, text i\/o gr\u00e0fics s\u00f3n propietat del responsable o, si escau, disposa de llic\u00e8ncia o autoritzaci\u00f3 expressa per part dels autors.<\/p>\n\n\n\n<p>Tots els continguts del lloc web estan protegits degudament per la normativa de propietat intel\u00b7lectual i industrial.<\/p>\n\n\n\n<p>Independentment de la finalitat per a la qual fossin destinats, la reproducci\u00f3 total o parcial, \u00fas, explotaci\u00f3, distribuci\u00f3 i comercialitzaci\u00f3 requereix en tot cas l&#039;autoritzaci\u00f3 escrita pr\u00e8via per part del responsable. Qualsevol \u00fas no autoritzat pr\u00e8viament per part del responsable ser\u00e0 considerat un incompliment greu dels drets de propietat intel\u00b7lectual o industrial de lautor.<\/p>\n\n\n\n<p>Els dissenys, logotips, text i\/o gr\u00e0fics aliens al prestador i que poguessin apar\u00e8ixer al lloc web, pertanyen als seus respectius propietaris, sent ells mateixos responsables de qualsevol possible controv\u00e8rsia que pogu\u00e9s suscitar respecte a aquests. En tot cas, El Responsable compta amb lautoritzaci\u00f3 expressa i pr\u00e8via per part daquests.<\/p>\n\n\n\n<p>El responsable autoritza expressament que tercers puguin redirigir directament els continguts concrets del lloc web, i en tot cas redirigir a la p\u00e0gina principal del lloc web del responsable.<\/p>\n\n\n\n<p>El responsable reconeix a favor dels seus titulars els corresponents drets de propietat intel\u00b7lectual i industrial. Que aquesta propietat s&#039;esmenti o aparegui al lloc web no implica que el Responsable tingui cap dret ni responsabilitat, ni tampoc que doni suport, el patrocini o la recomani.<\/p>\n\n\n\n<p>Per a totes aquelles imatges en qu\u00e8 el programari de disseny ho permet, s&#039;han incl\u00f2s les refer\u00e8ncies corresponents a l&#039;autoria i llic\u00e8ncia corresponent. Per fer qualsevol tipus d&#039;observaci\u00f3 respecte a possibles incompliments dels drets de propietat intel\u00b7lectual o industrial, aix\u00ed com sobre qualsevol dels continguts del lloc web, ho podeu fer per escrit o indicat a l&#039;encap\u00e7alament.<\/p>","protected":false},"excerpt":{"rendered":"<p>TITULAR DE LA WEB En cumplimiento del deber de informar recogido en art\u00edculo 10 de la Ley 34\/2002, de 11 de julio, de Servicios de la Sociedad de la Informaci\u00f3n y del Comercio Electr\u00f3nico. OBJETO El responsable pone a disposici\u00f3n de los usuarios el presente documento con el cual pretende dar cumplimiento de lo dispuesto [&hellip;]<\/p>\n","protected":false},"author":7,"featured_media":0,"parent":0,"menu_order":0,"comment_status":"closed","ping_status":"closed","template":"","meta":{"_et_pb_use_builder":"off","_et_pb_old_content":"","_et_gb_content_width":"1080","footnotes":""},"class_list":["post-798","page","type-page","status-publish","hentry"],"yoast_head":"<!-- This site is optimized with the Yoast SEO plugin v26.9 - https:\/\/yoast.com\/product\/yoast-seo-wordpress\/ -->\n<title>Aviso Legal - Rafael Sanrom\u00e0<\/title>\n<meta name=\"description\" content=\"TITULAR DE LA WEB. En cumplimiento del deber de informar recogido en art\u00edculo 10 de la Ley 34\/2002, de 11 de julio, de Servicios...\" \/>\n<meta name=\"robots\" content=\"index, follow, max-snippet:-1, max-image-preview:large, max-video-preview:-1\" \/>\n<link rel=\"canonical\" href=\"https:\/\/sanromaasociados.com\/ca\/avis-legal\/\" \/>\n<meta property=\"og:locale\" content=\"ca_ES\" \/>\n<meta property=\"og:type\" content=\"article\" \/>\n<meta property=\"og:title\" content=\"Aviso Legal - Rafael Sanrom\u00e0\" \/>\n<meta property=\"og:description\" content=\"TITULAR DE LA WEB. En cumplimiento del deber de informar recogido en art\u00edculo 10 de la Ley 34\/2002, de 11 de julio, de Servicios...\" \/>\n<meta property=\"og:url\" content=\"https:\/\/sanromaasociados.com\/ca\/avis-legal\/\" \/>\n<meta property=\"og:site_name\" content=\"Rafael Sanrom\u00e0\" \/>\n<meta property=\"article:modified_time\" content=\"2026-01-20T08:53:34+00:00\" \/>\n<meta name=\"twitter:card\" content=\"summary_large_image\" \/>\n<meta name=\"twitter:label1\" content=\"Temps estimat de lectura\" \/>\n\t<meta name=\"twitter:data1\" content=\"6 minuts\" \/>\n<script type=\"application\/ld+json\" class=\"yoast-schema-graph\">{\"@context\":\"https:\/\/schema.org\",\"@graph\":[{\"@type\":\"WebPage\",\"@id\":\"https:\/\/sanromaasociados.com\/aviso-legal\/\",\"url\":\"https:\/\/sanromaasociados.com\/aviso-legal\/\",\"name\":\"Aviso Legal - Rafael Sanrom\u00e0\",\"isPartOf\":{\"@id\":\"https:\/\/sanromaasociados.com\/#website\"},\"datePublished\":\"2026-01-20T08:52:27+00:00\",\"dateModified\":\"2026-01-20T08:53:34+00:00\",\"description\":\"TITULAR DE LA WEB. En cumplimiento del deber de informar recogido en art\u00edculo 10 de la Ley 34\/2002, de 11 de julio, de Servicios...\",\"breadcrumb\":{\"@id\":\"https:\/\/sanromaasociados.com\/aviso-legal\/#breadcrumb\"},\"inLanguage\":\"ca\",\"potentialAction\":[{\"@type\":\"ReadAction\",\"target\":[\"https:\/\/sanromaasociados.com\/aviso-legal\/\"]}]},{\"@type\":\"BreadcrumbList\",\"@id\":\"https:\/\/sanromaasociados.com\/aviso-legal\/#breadcrumb\",\"itemListElement\":[{\"@type\":\"ListItem\",\"position\":1,\"name\":\"Portada\",\"item\":\"https:\/\/sanromaasociados.com\/\"},{\"@type\":\"ListItem\",\"position\":2,\"name\":\"Aviso Legal\"}]},{\"@type\":\"WebSite\",\"@id\":\"https:\/\/sanromaasociados.com\/#website\",\"url\":\"https:\/\/sanromaasociados.com\/\",\"name\":\"Rafael Sanrom\u00e0\",\"description\":\"Advocats Associats\",\"publisher\":{\"@id\":\"https:\/\/sanromaasociados.com\/#organization\"},\"potentialAction\":[{\"@type\":\"SearchAction\",\"target\":{\"@type\":\"EntryPoint\",\"urlTemplate\":\"https:\/\/sanromaasociados.com\/?s={search_term_string}\"},\"query-input\":{\"@type\":\"PropertyValueSpecification\",\"valueRequired\":true,\"valueName\":\"search_term_string\"}}],\"inLanguage\":\"ca\"},{\"@type\":\"Organization\",\"@id\":\"https:\/\/sanromaasociados.com\/#organization\",\"name\":\"Rafael Sanrom\u00e0\",\"url\":\"https:\/\/sanromaasociados.com\/\",\"logo\":{\"@type\":\"ImageObject\",\"inLanguage\":\"ca\",\"@id\":\"https:\/\/sanromaasociados.com\/#\/schema\/logo\/image\/\",\"url\":\"https:\/\/sanromaasociados.com\/wp-content\/uploads\/2021\/05\/cropped-download.jpg\",\"contentUrl\":\"https:\/\/sanromaasociados.com\/wp-content\/uploads\/2021\/05\/cropped-download.jpg\",\"width\":512,\"height\":512,\"caption\":\"Rafael Sanrom\u00e0\"},\"image\":{\"@id\":\"https:\/\/sanromaasociados.com\/#\/schema\/logo\/image\/\"}}]}<\/script>\n<!-- \/ Yoast SEO plugin. -->","yoast_head_json":{"title":"Av\u00eds Legal - Rafael Sanrom\u00e0","description":"TITULAR DEL WEB. En compliment del deure informar recollit en article 10 de la Llei 34\/2002, de 11 de juliol, de Serveis...","robots":{"index":"index","follow":"follow","max-snippet":"max-snippet:-1","max-image-preview":"max-image-preview:large","max-video-preview":"max-video-preview:-1"},"canonical":"https:\/\/sanromaasociados.com\/ca\/avis-legal\/","og_locale":"ca_ES","og_type":"article","og_title":"Aviso Legal - Rafael Sanrom\u00e0","og_description":"TITULAR DE LA WEB. En cumplimiento del deber de informar recogido en art\u00edculo 10 de la Ley 34\/2002, de 11 de julio, de Servicios...","og_url":"https:\/\/sanromaasociados.com\/ca\/avis-legal\/","og_site_name":"Rafael Sanrom\u00e0","article_modified_time":"2026-01-20T08:53:34+00:00","twitter_card":"summary_large_image","twitter_misc":{"Temps estimat de lectura":"6 minuts"},"schema":{"@context":"https:\/\/schema.org","@graph":[{"@type":"WebPage","@id":"https:\/\/sanromaasociados.com\/aviso-legal\/","url":"https:\/\/sanromaasociados.com\/aviso-legal\/","name":"Av\u00eds Legal - Rafael Sanrom\u00e0","isPartOf":{"@id":"https:\/\/sanromaasociados.com\/#website"},"datePublished":"2026-01-20T08:52:27+00:00","dateModified":"2026-01-20T08:53:34+00:00","description":"TITULAR DEL WEB. En compliment del deure informar recollit en article 10 de la Llei 34\/2002, de 11 de juliol, de Serveis...","breadcrumb":{"@id":"https:\/\/sanromaasociados.com\/aviso-legal\/#breadcrumb"},"inLanguage":"ca","potentialAction":[{"@type":"ReadAction","target":["https:\/\/sanromaasociados.com\/aviso-legal\/"]}]},{"@type":"BreadcrumbList","@id":"https:\/\/sanromaasociados.com\/aviso-legal\/#breadcrumb","itemListElement":[{"@type":"ListItem","position":1,"name":"Portada","item":"https:\/\/sanromaasociados.com\/"},{"@type":"ListItem","position":2,"name":"Aviso Legal"}]},{"@type":"WebSite","@id":"https:\/\/sanromaasociados.com\/#website","url":"https:\/\/sanromaasociados.com\/","name":"Rafael Sanrom\u00e0","description":"Advocats Associats","publisher":{"@id":"https:\/\/sanromaasociados.com\/#organization"},"potentialAction":[{"@type":"SearchAction","target":{"@type":"EntryPoint","urlTemplate":"https:\/\/sanromaasociados.com\/?s={search_term_string}"},"query-input":{"@type":"PropertyValueSpecification","valueRequired":true,"valueName":"search_term_string"}}],"inLanguage":"ca"},{"@type":"Organization","@id":"https:\/\/sanromaasociados.com\/#organization","name":"Rafael Sanrom\u00e0","url":"https:\/\/sanromaasociados.com\/","logo":{"@type":"ImageObject","inLanguage":"ca","@id":"https:\/\/sanromaasociados.com\/#\/schema\/logo\/image\/","url":"https:\/\/sanromaasociados.com\/wp-content\/uploads\/2021\/05\/cropped-download.jpg","contentUrl":"https:\/\/sanromaasociados.com\/wp-content\/uploads\/2021\/05\/cropped-download.jpg","width":512,"height":512,"caption":"Rafael Sanrom\u00e0"},"image":{"@id":"https:\/\/sanromaasociados.com\/#\/schema\/logo\/image\/"}}]}},"_links":{"self":[{"href":"https:\/\/sanromaasociados.com\/ca\/wp-json\/wp\/v2\/pages\/798","targetHints":{"allow":["GET"]}}],"collection":[{"href":"https:\/\/sanromaasociados.com\/ca\/wp-json\/wp\/v2\/pages"}],"about":[{"href":"https:\/\/sanromaasociados.com\/ca\/wp-json\/wp\/v2\/types\/page"}],"author":[{"embeddable":true,"href":"https:\/\/sanromaasociados.com\/ca\/wp-json\/wp\/v2\/users\/7"}],"replies":[{"embeddable":true,"href":"https:\/\/sanromaasociados.com\/ca\/wp-json\/wp\/v2\/comments?post=798"}],"version-history":[{"count":1,"href":"https:\/\/sanromaasociados.com\/ca\/wp-json\/wp\/v2\/pages\/798\/revisions"}],"predecessor-version":[{"id":802,"href":"https:\/\/sanromaasociados.com\/ca\/wp-json\/wp\/v2\/pages\/798\/revisions\/802"}],"wp:attachment":[{"href":"https:\/\/sanromaasociados.com\/ca\/wp-json\/wp\/v2\/media?parent=798"}],"curies":[{"name":"wp","href":"https:\/\/api.w.org\/{rel}","templated":true}]}}