{"id":788,"date":"2026-01-20T08:32:19","date_gmt":"2026-01-20T08:32:19","guid":{"rendered":"https:\/\/sanromaasociados.com\/sanroma-divi\/?page_id=788"},"modified":"2026-01-21T08:22:25","modified_gmt":"2026-01-21T08:22:25","slug":"accessibilitat","status":"publish","type":"page","link":"https:\/\/sanromaasociados.com\/ca\/accesibilidad\/","title":{"rendered":"Accessibilitat"},"content":{"rendered":"<p><strong>Obtenir el consentiment de l&#039;usuari en sol\u00b7licitar dades personals<\/strong><\/p>\n\n\n\n<p>El consentiment s&#039;ha de donar mitjan\u00e7ant una acci\u00f3 afirmativa clara que reflecteixi una manifestaci\u00f3 de voluntat lliure, espec\u00edfica, informada i inequ\u00edvoca de l&#039;interessat i s&#039;ha d&#039;atorgar per a totes les activitats de tractament realitzades. Quan el tractament tingui diverses finalitats, el consentiment s&#039;ha de donar per cadascuna. Si us heu de donar arran d&#039;una sol\u00b7licitud per mitjans electr\u00f2nics, aquesta ha de ser clara, concisa i no pertorbar innecess\u00e0riament l&#039;\u00fas del servei per al qual es presta.<\/p>\n\n\n\n<p>Aquest consentiment expr\u00e9s es pot traslladar a un formulari web a trav\u00e9s de la implementaci\u00f3 d&#039;unes caselles de verificaci\u00f3 que estiguin desmarcades per defecte, \u00e9s a dir, vital, per poder demostrar aquesta voluntat per part de la persona per tractar les dades personals.<\/p>\n\n\n\n<p>Les caselles de premarca, el silenci i la inacci\u00f3 de l&#039;interessat no constitueixen un tractament l\u00edcit de dades, per la qual cosa no s&#039;han d&#039;utilitzar aquestes f\u00f3rmules.<\/p>\n\n\n\n<p>Hem parlat a l&#039;apartat anterior de fins espec\u00edfics, \u00e9s a dir, quan alg\u00fa proporciona les seves dades cal detallar de manera clara, inequ\u00edvoca i transparent quines seran les condicions de tractament de les dades.<\/p>\n\n\n\n<p>Com que \u00e9s un consentiment expl\u00edcit lligat a una finalitat espec\u00edfica cal demostrar que s&#039;ha recollit seguint aquests preceptes i la c\u00e0rrega probat\u00f2ria recau sobre l&#039;organitzaci\u00f3 que rep i tracta aquestes dades.<\/p>\n\n\n\n<p>Un exemple de com poder demostrar que ens han autoritzat \u00e9s que cada alta generi un correu electr\u00f2nic de resposta autom\u00e0tica amb les dades de la persona sol\u00b7licitada, el seu IP, accepto, data, hora exacta i navegador que va utilitzar. Aquest correu electr\u00f2nic s&#039;ha de guardar com a justificant en cas de conflicte amb l&#039;usuari.<\/p>\n\n\n\n<p><strong>Primera capa dinformaci\u00f3 b\u00e0sica<\/strong><\/p>\n\n\n\n<p>Amb els requisits i principis introdu\u00efts pel RGPD, pel que fa a l&#039;obligaci\u00f3 d&#039;informar, la simple remissi\u00f3 a la pol\u00edtica de privadesa des dels formularis web ja no \u00e9s suficient per complir aquestes obligacions.<\/p>\n\n\n\n<p>Les autoritats de protecci\u00f3 de dades de la Uni\u00f3 Europea recomanen utilitzar un model d&#039;informaci\u00f3 per capes, presentant una primera capa, amb una informaci\u00f3 b\u00e0sica sobre protecci\u00f3 de dades i remetre des d&#039;aquesta, m\u00e9s senzilla i immediata, a una segona capa amb la informaci\u00f3 restant.<\/p>\n\n\n\n<p>A la <a href=\"about:blank\">Guia per al Compliment del Deure Informar<\/a>, de l&#039;AEPD estableix que aquesta primera capa informativa ha de reunir els requisits seg\u00fcents:<\/p>\n\n\n\n<p>\u2013 La informaci\u00f3 s&#039;ha de posar a disposici\u00f3 dels interessats en el moment en qu\u00e8 se sol\u00b7licitin les dades, pr\u00e8viament a la recollida o registre.<\/p>\n\n\n\n<p>- Aquesta obligaci\u00f3 s&#039;ha de complir sense necessitat de cap requeriment, i el responsable ha de poder acreditar amb posterioritat que l&#039;obligaci\u00f3 d&#039;informar ha estat satisfeta.<\/p>\n\n\n\n<p>\u2013 Ha d&#039;estar clarament identificada amb un t\u00edtol com ara \u201cInformaci\u00f3 b\u00e0sica sobre protecci\u00f3 de dades\u201d.<\/p>\n\n\n\n<p>\u2013 El responsable del tractament ha de garantir que aquesta informaci\u00f3 quedi \u201cdins el camp de visi\u00f3\u201d de l&#039;interessat.<\/p>\n\n\n\n<p>\u2013 Els interessats han de rebre una c\u00f2pia on s&#039;inclogui aquesta informaci\u00f3 b\u00e0sica. La LOPDGDD en l&#039;article 72 tipifica com a INFRACCI\u00d3 MOLT GREU l&#039;omissi\u00f3 del deure d&#039;informar l&#039;afectat sobre el tractament de les dades personals d&#039;acord amb el que disposen els articles 13 i 14 del Reglament (UE) 2016\/679 (RGPD).<\/p>","protected":false},"excerpt":{"rendered":"<p>Obtener el consentimiento del usuario al solicitar datos personales El consentimiento debe darse mediante una acci\u00f3n afirmativa clara que refleje una manifestaci\u00f3n de voluntad libre, espec\u00edfica, informada, e inequ\u00edvoca del interesado y debe otorgarse para todas las actividades de tratamiento realizadas. Cuando el tratamiento tenga varias finalidades, el consentimiento debe darse por cada una de [&hellip;]<\/p>\n","protected":false},"author":7,"featured_media":0,"parent":0,"menu_order":0,"comment_status":"closed","ping_status":"closed","template":"","meta":{"_et_pb_use_builder":"off","_et_pb_old_content":"<!-- wp:paragraph -->\n<p><strong>Obtener el consentimiento del usuario al solicitar datos personales<\/strong><\/p>\n<!-- \/wp:paragraph -->\n\n<!-- wp:paragraph -->\n<p>El consentimiento debe darse mediante una acci\u00f3n afirmativa clara que refleje una manifestaci\u00f3n de voluntad libre, espec\u00edfica, informada, e inequ\u00edvoca del interesado y debe otorgarse para todas las actividades de tratamiento realizadas. Cuando el tratamiento tenga varias finalidades, el consentimiento debe darse por cada una de ellas. Si debe darse a ra\u00edz de una solicitud por medios electr\u00f3nicos, esta debe ser clara, concisa y no perturbar innecesariamente el uso del servicio para el que se presta.<\/p>\n<!-- \/wp:paragraph -->\n\n<!-- wp:paragraph -->\n<p>Este consentimiento expreso puede trasladarse a un formulario web a trav\u00e9s de la implementaci\u00f3n de unas casillas de verificaci\u00f3n que est\u00e9n desmarcadas por defecto, esto es vital, para poder demostrar esta voluntad por parte de la persona para tratar sus datos personales.<\/p>\n<!-- \/wp:paragraph -->\n\n<!-- wp:paragraph -->\n<p>Las casillas de pre-marca, el silencio y la inacci\u00f3n del interesado no constituyen un tratamiento l\u00edcito de datos, por lo que estas f\u00f3rmulas no deben utilizarse.<\/p>\n<!-- \/wp:paragraph -->\n\n<!-- wp:paragraph -->\n<p>Hemos hablado en el apartado anterior de fines espec\u00edficos, es decir, cuando alguien proporciona sus datos es necesario detallar de forma clara, inequ\u00edvoca y transparente cu\u00e1les ser\u00e1n las condiciones de tratamiento de los datos.<\/p>\n<!-- \/wp:paragraph -->\n\n<!-- wp:paragraph -->\n<p>Al ser un consentimiento expl\u00edcito ligado a una finalidad espec\u00edfica es necesario demostrar que se ha recogido siguiendo estos preceptos y la carga probatoria recae sobre la organizaci\u00f3n que recibe y trata estos datos.<\/p>\n<!-- \/wp:paragraph -->\n\n<!-- wp:paragraph -->\n<p>Un ejemplo de c\u00f3mo poder demostrar que nos han autorizado es que cada alta genere un e-mail de respuesta autom\u00e1tica con los datos de la persona solicitada, su IP, acepto, fecha, hora exacta y navegador que utiliz\u00f3. Este e-mail debe guardarse como justificante en caso de conflicto con el usuario.<\/p>\n<!-- \/wp:paragraph -->\n\n<!-- wp:paragraph -->\n<p><strong>Primera capa de informaci\u00f3n b\u00e1sica<\/strong><\/p>\n<!-- \/wp:paragraph -->\n\n<!-- wp:paragraph -->\n<p>Con los requisitos y principios introducidos por el RGPD, respecto a la obligaci\u00f3n de informar, la simple remisi\u00f3n a la pol\u00edtica de privacidad desde los formularios web ya no es suficiente para cumplir con estas obligaciones.<\/p>\n<!-- \/wp:paragraph -->\n\n<!-- wp:paragraph -->\n<p>Las Autoridades de Protecci\u00f3n de Datos de la Uni\u00f3n Europea, recomiendan utilizar un modelo de informaci\u00f3n por capas, presentando una primera capa, con una informaci\u00f3n b\u00e1sica sobre protecci\u00f3n de datos y remitir desde esta, m\u00e1s sencilla e inmediata, a una segunda capa con la informaci\u00f3n restante.<\/p>\n<!-- \/wp:paragraph -->\n\n<!-- wp:paragraph -->\n<p>En la <a href=\"about:blank\">Gu\u00eda para el Cumplimiento del Deber de Informar<\/a>, de la AEPD establece que esta primera capa informativa debe reunir los siguientes requisitos:<\/p>\n<!-- \/wp:paragraph -->\n\n<!-- wp:paragraph -->\n<p>\u2013 La informaci\u00f3n debe ponerse a disposici\u00f3n de los interesados en el momento en que se soliciten los datos, previamente a la recogida o registro.<\/p>\n<!-- \/wp:paragraph -->\n\n<!-- wp:paragraph -->\n<p>\u2013 Esta obligaci\u00f3n debe cumplirse sin necesidad de requerimiento alguno, y el responsable deber\u00e1 poder acreditar con posterioridad que la obligaci\u00f3n de informar ha sido satisfecha.<\/p>\n<!-- \/wp:paragraph -->\n\n<!-- wp:paragraph -->\n<p>\u2013 Debe estar claramente identificada con un t\u00edtulo tal como \u201cInformaci\u00f3n b\u00e1sica sobre protecci\u00f3n de datos\u201d.<\/p>\n<!-- \/wp:paragraph -->\n\n<!-- wp:paragraph -->\n<p>\u2013 El responsable del tratamiento debe garantizar que esta informaci\u00f3n quede \u201cdentro del campo de visi\u00f3n\u201d del interesado.<\/p>\n<!-- \/wp:paragraph -->\n\n<!-- wp:paragraph -->\n<p>\u2013 Los interesados deben recibir una copia donde se incluya esta informaci\u00f3n b\u00e1sica. La LOPDGDD en su art\u00edculo 72 tipifica como INFRACCI\u00d3N MUY GRAVE la omisi\u00f3n del deber de informar al afectado sobre el tratamiento de sus datos personales conforme a lo dispuesto en los art\u00edculos 13 y 14 del Reglamento (UE) 2016\/ 679 (RGPD).<\/p>\n<!-- \/wp:paragraph -->","_et_gb_content_width":"","footnotes":""},"class_list":["post-788","page","type-page","status-publish","hentry"],"yoast_head":"<!-- This site is optimized with the Yoast SEO plugin v26.9 - https:\/\/yoast.com\/product\/yoast-seo-wordpress\/ -->\n<title>Accesibilidad - Rafael Sanrom\u00e0<\/title>\n<meta name=\"description\" content=\"Accesibilidad. Obtener el consentimiento del usuario al solicitar datos personales. El consentimiento debe darse mediante una acci\u00f3n...\" \/>\n<meta name=\"robots\" content=\"index, follow, max-snippet:-1, max-image-preview:large, max-video-preview:-1\" \/>\n<link rel=\"canonical\" href=\"https:\/\/sanromaasociados.com\/ca\/accessibilitat\/\" \/>\n<meta property=\"og:locale\" content=\"ca_ES\" \/>\n<meta property=\"og:type\" content=\"article\" \/>\n<meta property=\"og:title\" content=\"Accesibilidad - Rafael Sanrom\u00e0\" \/>\n<meta property=\"og:description\" content=\"Accesibilidad. Obtener el consentimiento del usuario al solicitar datos personales. El consentimiento debe darse mediante una acci\u00f3n...\" \/>\n<meta property=\"og:url\" content=\"https:\/\/sanromaasociados.com\/ca\/accessibilitat\/\" \/>\n<meta property=\"og:site_name\" content=\"Rafael Sanrom\u00e0\" \/>\n<meta property=\"article:modified_time\" content=\"2026-01-21T08:22:25+00:00\" \/>\n<meta name=\"twitter:card\" content=\"summary_large_image\" \/>\n<meta name=\"twitter:label1\" content=\"Temps estimat de lectura\" \/>\n\t<meta name=\"twitter:data1\" content=\"3 minuts\" \/>\n<script type=\"application\/ld+json\" class=\"yoast-schema-graph\">{\"@context\":\"https:\/\/schema.org\",\"@graph\":[{\"@type\":\"WebPage\",\"@id\":\"https:\/\/sanromaasociados.com\/accesibilidad\/\",\"url\":\"https:\/\/sanromaasociados.com\/accesibilidad\/\",\"name\":\"Accesibilidad - Rafael Sanrom\u00e0\",\"isPartOf\":{\"@id\":\"https:\/\/sanromaasociados.com\/#website\"},\"datePublished\":\"2026-01-20T08:32:19+00:00\",\"dateModified\":\"2026-01-21T08:22:25+00:00\",\"description\":\"Accesibilidad. Obtener el consentimiento del usuario al solicitar datos personales. El consentimiento debe darse mediante una acci\u00f3n...\",\"breadcrumb\":{\"@id\":\"https:\/\/sanromaasociados.com\/accesibilidad\/#breadcrumb\"},\"inLanguage\":\"ca\",\"potentialAction\":[{\"@type\":\"ReadAction\",\"target\":[\"https:\/\/sanromaasociados.com\/accesibilidad\/\"]}]},{\"@type\":\"BreadcrumbList\",\"@id\":\"https:\/\/sanromaasociados.com\/accesibilidad\/#breadcrumb\",\"itemListElement\":[{\"@type\":\"ListItem\",\"position\":1,\"name\":\"Portada\",\"item\":\"https:\/\/sanromaasociados.com\/\"},{\"@type\":\"ListItem\",\"position\":2,\"name\":\"Accesibilidad\"}]},{\"@type\":\"WebSite\",\"@id\":\"https:\/\/sanromaasociados.com\/#website\",\"url\":\"https:\/\/sanromaasociados.com\/\",\"name\":\"Rafael Sanrom\u00e0\",\"description\":\"Advocats Associats\",\"publisher\":{\"@id\":\"https:\/\/sanromaasociados.com\/#organization\"},\"potentialAction\":[{\"@type\":\"SearchAction\",\"target\":{\"@type\":\"EntryPoint\",\"urlTemplate\":\"https:\/\/sanromaasociados.com\/?s={search_term_string}\"},\"query-input\":{\"@type\":\"PropertyValueSpecification\",\"valueRequired\":true,\"valueName\":\"search_term_string\"}}],\"inLanguage\":\"ca\"},{\"@type\":\"Organization\",\"@id\":\"https:\/\/sanromaasociados.com\/#organization\",\"name\":\"Rafael Sanrom\u00e0\",\"url\":\"https:\/\/sanromaasociados.com\/\",\"logo\":{\"@type\":\"ImageObject\",\"inLanguage\":\"ca\",\"@id\":\"https:\/\/sanromaasociados.com\/#\/schema\/logo\/image\/\",\"url\":\"https:\/\/sanromaasociados.com\/wp-content\/uploads\/2021\/05\/cropped-download.jpg\",\"contentUrl\":\"https:\/\/sanromaasociados.com\/wp-content\/uploads\/2021\/05\/cropped-download.jpg\",\"width\":512,\"height\":512,\"caption\":\"Rafael Sanrom\u00e0\"},\"image\":{\"@id\":\"https:\/\/sanromaasociados.com\/#\/schema\/logo\/image\/\"}}]}<\/script>\n<!-- \/ Yoast SEO plugin. -->","yoast_head_json":{"title":"Accessibilitat - Rafael Sanrom\u00e0","description":"Accessibilitat. Obtenir el consentiment de lusuari en sol\u00b7licitar dades personals. El consentiment s&#039;ha de donar mitjan\u00e7ant una acci\u00f3...","robots":{"index":"index","follow":"follow","max-snippet":"max-snippet:-1","max-image-preview":"max-image-preview:large","max-video-preview":"max-video-preview:-1"},"canonical":"https:\/\/sanromaasociados.com\/ca\/accessibilitat\/","og_locale":"ca_ES","og_type":"article","og_title":"Accesibilidad - Rafael Sanrom\u00e0","og_description":"Accesibilidad. Obtener el consentimiento del usuario al solicitar datos personales. El consentimiento debe darse mediante una acci\u00f3n...","og_url":"https:\/\/sanromaasociados.com\/ca\/accessibilitat\/","og_site_name":"Rafael Sanrom\u00e0","article_modified_time":"2026-01-21T08:22:25+00:00","twitter_card":"summary_large_image","twitter_misc":{"Temps estimat de lectura":"3 minuts"},"schema":{"@context":"https:\/\/schema.org","@graph":[{"@type":"WebPage","@id":"https:\/\/sanromaasociados.com\/accesibilidad\/","url":"https:\/\/sanromaasociados.com\/accesibilidad\/","name":"Accessibilitat - Rafael Sanrom\u00e0","isPartOf":{"@id":"https:\/\/sanromaasociados.com\/#website"},"datePublished":"2026-01-20T08:32:19+00:00","dateModified":"2026-01-21T08:22:25+00:00","description":"Accessibilitat. Obtenir el consentiment de lusuari en sol\u00b7licitar dades personals. El consentiment s&#039;ha de donar mitjan\u00e7ant una acci\u00f3...","breadcrumb":{"@id":"https:\/\/sanromaasociados.com\/accesibilidad\/#breadcrumb"},"inLanguage":"ca","potentialAction":[{"@type":"ReadAction","target":["https:\/\/sanromaasociados.com\/accesibilidad\/"]}]},{"@type":"BreadcrumbList","@id":"https:\/\/sanromaasociados.com\/accesibilidad\/#breadcrumb","itemListElement":[{"@type":"ListItem","position":1,"name":"Portada","item":"https:\/\/sanromaasociados.com\/"},{"@type":"ListItem","position":2,"name":"Accesibilidad"}]},{"@type":"WebSite","@id":"https:\/\/sanromaasociados.com\/#website","url":"https:\/\/sanromaasociados.com\/","name":"Rafael Sanrom\u00e0","description":"Advocats Associats","publisher":{"@id":"https:\/\/sanromaasociados.com\/#organization"},"potentialAction":[{"@type":"SearchAction","target":{"@type":"EntryPoint","urlTemplate":"https:\/\/sanromaasociados.com\/?s={search_term_string}"},"query-input":{"@type":"PropertyValueSpecification","valueRequired":true,"valueName":"search_term_string"}}],"inLanguage":"ca"},{"@type":"Organization","@id":"https:\/\/sanromaasociados.com\/#organization","name":"Rafael Sanrom\u00e0","url":"https:\/\/sanromaasociados.com\/","logo":{"@type":"ImageObject","inLanguage":"ca","@id":"https:\/\/sanromaasociados.com\/#\/schema\/logo\/image\/","url":"https:\/\/sanromaasociados.com\/wp-content\/uploads\/2021\/05\/cropped-download.jpg","contentUrl":"https:\/\/sanromaasociados.com\/wp-content\/uploads\/2021\/05\/cropped-download.jpg","width":512,"height":512,"caption":"Rafael Sanrom\u00e0"},"image":{"@id":"https:\/\/sanromaasociados.com\/#\/schema\/logo\/image\/"}}]}},"_links":{"self":[{"href":"https:\/\/sanromaasociados.com\/ca\/wp-json\/wp\/v2\/pages\/788","targetHints":{"allow":["GET"]}}],"collection":[{"href":"https:\/\/sanromaasociados.com\/ca\/wp-json\/wp\/v2\/pages"}],"about":[{"href":"https:\/\/sanromaasociados.com\/ca\/wp-json\/wp\/v2\/types\/page"}],"author":[{"embeddable":true,"href":"https:\/\/sanromaasociados.com\/ca\/wp-json\/wp\/v2\/users\/7"}],"replies":[{"embeddable":true,"href":"https:\/\/sanromaasociados.com\/ca\/wp-json\/wp\/v2\/comments?post=788"}],"version-history":[{"count":3,"href":"https:\/\/sanromaasociados.com\/ca\/wp-json\/wp\/v2\/pages\/788\/revisions"}],"predecessor-version":[{"id":874,"href":"https:\/\/sanromaasociados.com\/ca\/wp-json\/wp\/v2\/pages\/788\/revisions\/874"}],"wp:attachment":[{"href":"https:\/\/sanromaasociados.com\/ca\/wp-json\/wp\/v2\/media?parent=788"}],"curies":[{"name":"wp","href":"https:\/\/api.w.org\/{rel}","templated":true}]}}