{"id":72,"date":"2026-01-20T08:00:42","date_gmt":"2026-01-20T08:00:42","guid":{"rendered":"https:\/\/www.sanromaasociados.com\/?page_id=72"},"modified":"2026-01-20T09:02:39","modified_gmt":"2026-01-20T09:02:39","slug":"mercantil","status":"publish","type":"page","link":"https:\/\/sanromaasociados.com\/ca\/mercantil\/","title":{"rendered":"Mercantil i societari"},"content":{"rendered":"<ul>\n<li style=\"text-align: justify;\">Assessorament en la constituci\u00f3 de qualsevol mena de societats, compravendes, transmissions de societats, dissolucions i liquidacions, fusions i escissions de societats.<\/li>\n<li style=\"text-align: justify;\">Assessorament en el seguiment diari de la vida societ\u00e0ria, redacci\u00f3 de documents, assist\u00e8ncia a juntes, modificacions destatuts, augments i reduccions de capital. Assessorament i confecci\u00f3 de tota mena de contractes mercantils i civils.<\/li>\n<li style=\"text-align: justify;\">Reclamaci\u00f3 de quantitats degudes a les societats (judicial o extrajudicial).<\/li>\n<li style=\"text-align: justify;\">Assessorament en la formalitzaci\u00f3 de campanyes de promocions publicit\u00e0ries per a la venda de productes.<\/li>\n<li style=\"text-align: justify;\">Interposici\u00f3 de tota mena de procediments judicials en defensa dels interessos socials.<\/li>\n<li style=\"text-align: justify;\">Interposici\u00f3 i seguiment de procediments concursals.<\/li>\n<li>Servei d&#039;auditoria quant a protecci\u00f3 de dades i noves tecnologies.<\/li>\n<\/ul>","protected":false},"excerpt":{"rendered":"<p>Asesoramiento en la constituci\u00f3n de cualquier tipo de sociedades, compraventas, transmisiones de sociedades, disoluciones y liquidaciones, fusiones y escisiones de sociedades. Asesoramiento en el seguimiento diario de la vida societaria, redacci\u00f3n de documentos, asistencia a Juntas, modificaciones de estatutos, aumentos y reducciones de capital. Asesoramiento y confecci\u00f3n de todo tipo de contratos mercantiles y civiles. [&hellip;]<\/p>\n","protected":false},"author":7,"featured_media":0,"parent":0,"menu_order":0,"comment_status":"closed","ping_status":"closed","template":"","meta":{"_et_pb_use_builder":"","_et_pb_old_content":"","_et_gb_content_width":"1080","footnotes":""},"class_list":["post-72","page","type-page","status-publish","hentry"],"yoast_head":"<!-- This site is optimized with the Yoast SEO plugin v26.9 - https:\/\/yoast.com\/product\/yoast-seo-wordpress\/ -->\n<title>Mercantil y societario - Rafael Sanrom\u00e0<\/title>\n<meta name=\"description\" content=\"Mercantil y societario. Asesoramiento en la constituci\u00f3n de cualquier tipo de sociedades, compraventas, transmisiones de sociedades...\" \/>\n<meta name=\"robots\" content=\"index, follow, max-snippet:-1, max-image-preview:large, max-video-preview:-1\" \/>\n<link rel=\"canonical\" href=\"https:\/\/sanromaasociados.com\/ca\/mercantil\/\" \/>\n<meta property=\"og:locale\" content=\"ca_ES\" \/>\n<meta property=\"og:type\" content=\"article\" \/>\n<meta property=\"og:title\" content=\"Mercantil y societario - Rafael Sanrom\u00e0\" \/>\n<meta property=\"og:description\" content=\"Mercantil y societario. Asesoramiento en la constituci\u00f3n de cualquier tipo de sociedades, compraventas, transmisiones de sociedades...\" \/>\n<meta property=\"og:url\" content=\"https:\/\/sanromaasociados.com\/ca\/mercantil\/\" \/>\n<meta property=\"og:site_name\" content=\"Rafael Sanrom\u00e0\" \/>\n<meta property=\"article:modified_time\" content=\"2026-01-20T09:02:39+00:00\" \/>\n<meta name=\"twitter:card\" content=\"summary_large_image\" \/>\n<meta name=\"twitter:label1\" content=\"Temps estimat de lectura\" \/>\n\t<meta name=\"twitter:data1\" content=\"1 minut\" \/>\n<script type=\"application\/ld+json\" class=\"yoast-schema-graph\">{\"@context\":\"https:\/\/schema.org\",\"@graph\":[{\"@type\":\"WebPage\",\"@id\":\"https:\/\/sanromaasociados.com\/mercantil\/\",\"url\":\"https:\/\/sanromaasociados.com\/mercantil\/\",\"name\":\"Mercantil y societario - Rafael Sanrom\u00e0\",\"isPartOf\":{\"@id\":\"https:\/\/sanromaasociados.com\/#website\"},\"datePublished\":\"2026-01-20T08:00:42+00:00\",\"dateModified\":\"2026-01-20T09:02:39+00:00\",\"description\":\"Mercantil y societario. Asesoramiento en la constituci\u00f3n de cualquier tipo de sociedades, compraventas, transmisiones de sociedades...\",\"breadcrumb\":{\"@id\":\"https:\/\/sanromaasociados.com\/mercantil\/#breadcrumb\"},\"inLanguage\":\"ca\",\"potentialAction\":[{\"@type\":\"ReadAction\",\"target\":[\"https:\/\/sanromaasociados.com\/mercantil\/\"]}]},{\"@type\":\"BreadcrumbList\",\"@id\":\"https:\/\/sanromaasociados.com\/mercantil\/#breadcrumb\",\"itemListElement\":[{\"@type\":\"ListItem\",\"position\":1,\"name\":\"Portada\",\"item\":\"https:\/\/sanromaasociados.com\/\"},{\"@type\":\"ListItem\",\"position\":2,\"name\":\"Mercantil y societario\"}]},{\"@type\":\"WebSite\",\"@id\":\"https:\/\/sanromaasociados.com\/#website\",\"url\":\"https:\/\/sanromaasociados.com\/\",\"name\":\"Rafael Sanrom\u00e0\",\"description\":\"Advocats Associats\",\"publisher\":{\"@id\":\"https:\/\/sanromaasociados.com\/#organization\"},\"potentialAction\":[{\"@type\":\"SearchAction\",\"target\":{\"@type\":\"EntryPoint\",\"urlTemplate\":\"https:\/\/sanromaasociados.com\/?s={search_term_string}\"},\"query-input\":{\"@type\":\"PropertyValueSpecification\",\"valueRequired\":true,\"valueName\":\"search_term_string\"}}],\"inLanguage\":\"ca\"},{\"@type\":\"Organization\",\"@id\":\"https:\/\/sanromaasociados.com\/#organization\",\"name\":\"Rafael Sanrom\u00e0\",\"url\":\"https:\/\/sanromaasociados.com\/\",\"logo\":{\"@type\":\"ImageObject\",\"inLanguage\":\"ca\",\"@id\":\"https:\/\/sanromaasociados.com\/#\/schema\/logo\/image\/\",\"url\":\"https:\/\/sanromaasociados.com\/wp-content\/uploads\/2021\/05\/cropped-download.jpg\",\"contentUrl\":\"https:\/\/sanromaasociados.com\/wp-content\/uploads\/2021\/05\/cropped-download.jpg\",\"width\":512,\"height\":512,\"caption\":\"Rafael Sanrom\u00e0\"},\"image\":{\"@id\":\"https:\/\/sanromaasociados.com\/#\/schema\/logo\/image\/\"}}]}<\/script>\n<!-- \/ Yoast SEO plugin. -->","yoast_head_json":{"title":"Mercantil i societari - Rafael Sanrom\u00e0","description":"Mercantil i societari. Assessorament en la constituci\u00f3 de qualsevol tipus de societats, compravendes, transmissions de societats...","robots":{"index":"index","follow":"follow","max-snippet":"max-snippet:-1","max-image-preview":"max-image-preview:large","max-video-preview":"max-video-preview:-1"},"canonical":"https:\/\/sanromaasociados.com\/ca\/mercantil\/","og_locale":"ca_ES","og_type":"article","og_title":"Mercantil y societario - Rafael Sanrom\u00e0","og_description":"Mercantil y societario. Asesoramiento en la constituci\u00f3n de cualquier tipo de sociedades, compraventas, transmisiones de sociedades...","og_url":"https:\/\/sanromaasociados.com\/ca\/mercantil\/","og_site_name":"Rafael Sanrom\u00e0","article_modified_time":"2026-01-20T09:02:39+00:00","twitter_card":"summary_large_image","twitter_misc":{"Temps estimat de lectura":"1 minut"},"schema":{"@context":"https:\/\/schema.org","@graph":[{"@type":"WebPage","@id":"https:\/\/sanromaasociados.com\/mercantil\/","url":"https:\/\/sanromaasociados.com\/mercantil\/","name":"Mercantil i societari - Rafael Sanrom\u00e0","isPartOf":{"@id":"https:\/\/sanromaasociados.com\/#website"},"datePublished":"2026-01-20T08:00:42+00:00","dateModified":"2026-01-20T09:02:39+00:00","description":"Mercantil i societari. Assessorament en la constituci\u00f3 de qualsevol tipus de societats, compravendes, transmissions de societats...","breadcrumb":{"@id":"https:\/\/sanromaasociados.com\/mercantil\/#breadcrumb"},"inLanguage":"ca","potentialAction":[{"@type":"ReadAction","target":["https:\/\/sanromaasociados.com\/mercantil\/"]}]},{"@type":"BreadcrumbList","@id":"https:\/\/sanromaasociados.com\/mercantil\/#breadcrumb","itemListElement":[{"@type":"ListItem","position":1,"name":"Portada","item":"https:\/\/sanromaasociados.com\/"},{"@type":"ListItem","position":2,"name":"Mercantil y societario"}]},{"@type":"WebSite","@id":"https:\/\/sanromaasociados.com\/#website","url":"https:\/\/sanromaasociados.com\/","name":"Rafael Sanrom\u00e0","description":"Advocats Associats","publisher":{"@id":"https:\/\/sanromaasociados.com\/#organization"},"potentialAction":[{"@type":"SearchAction","target":{"@type":"EntryPoint","urlTemplate":"https:\/\/sanromaasociados.com\/?s={search_term_string}"},"query-input":{"@type":"PropertyValueSpecification","valueRequired":true,"valueName":"search_term_string"}}],"inLanguage":"ca"},{"@type":"Organization","@id":"https:\/\/sanromaasociados.com\/#organization","name":"Rafael Sanrom\u00e0","url":"https:\/\/sanromaasociados.com\/","logo":{"@type":"ImageObject","inLanguage":"ca","@id":"https:\/\/sanromaasociados.com\/#\/schema\/logo\/image\/","url":"https:\/\/sanromaasociados.com\/wp-content\/uploads\/2021\/05\/cropped-download.jpg","contentUrl":"https:\/\/sanromaasociados.com\/wp-content\/uploads\/2021\/05\/cropped-download.jpg","width":512,"height":512,"caption":"Rafael Sanrom\u00e0"},"image":{"@id":"https:\/\/sanromaasociados.com\/#\/schema\/logo\/image\/"}}]}},"_links":{"self":[{"href":"https:\/\/sanromaasociados.com\/ca\/wp-json\/wp\/v2\/pages\/72","targetHints":{"allow":["GET"]}}],"collection":[{"href":"https:\/\/sanromaasociados.com\/ca\/wp-json\/wp\/v2\/pages"}],"about":[{"href":"https:\/\/sanromaasociados.com\/ca\/wp-json\/wp\/v2\/types\/page"}],"author":[{"embeddable":true,"href":"https:\/\/sanromaasociados.com\/ca\/wp-json\/wp\/v2\/users\/7"}],"replies":[{"embeddable":true,"href":"https:\/\/sanromaasociados.com\/ca\/wp-json\/wp\/v2\/comments?post=72"}],"version-history":[{"count":4,"href":"https:\/\/sanromaasociados.com\/ca\/wp-json\/wp\/v2\/pages\/72\/revisions"}],"predecessor-version":[{"id":787,"href":"https:\/\/sanromaasociados.com\/ca\/wp-json\/wp\/v2\/pages\/72\/revisions\/787"}],"wp:attachment":[{"href":"https:\/\/sanromaasociados.com\/ca\/wp-json\/wp\/v2\/media?parent=72"}],"curies":[{"name":"wp","href":"https:\/\/api.w.org\/{rel}","templated":true}]}}