{"id":70,"date":"2026-01-20T08:00:23","date_gmt":"2026-01-20T08:00:23","guid":{"rendered":"https:\/\/www.sanromaasociados.com\/?page_id=70"},"modified":"2026-01-20T09:00:41","modified_gmt":"2026-01-20T09:00:41","slug":"civil","status":"publish","type":"page","link":"https:\/\/sanromaasociados.com\/ca\/civil\/","title":{"rendered":"Civil"},"content":{"rendered":"<ul>\n<li style=\"text-align: justify;\">Assessorament en dret immobiliari, arrendatici i de propietat horitzontal. Confecci\u00f3 de tota mena de contractes civils, compravendes, execuci\u00f3 d&#039;obra, permuta pe\u00e7a, donacions, pr\u00e9stecs i reconeixement de deute.<\/li>\n<li style=\"text-align: justify;\">Assessorament a l&#039;\u00e0mbit urban\u00edstic.<\/li>\n<li style=\"text-align: justify;\">Assessorament en dret de fam\u00edlia, separacions i divorcis, adopcions, reconeixement de filiaci\u00f3.<\/li>\n<li style=\"text-align: justify;\">Assessorament en dret successori, confecci\u00f3 de testaments, acceptacions d&#039;her\u00e8ncies, informes de comptador-partidor, execuci\u00f3 de darreres voluntats. Interposici\u00f3 de tota mena de procediments de reclamacions judicials i extrajudicials.<\/li>\n<\/ul>","protected":false},"excerpt":{"rendered":"<p>Asesoramiento en derecho inmobiliario, arrendaticio y de propiedad horizontal. Confecci\u00f3n de todo tipo de contratos civiles, compraventas, ejecuci\u00f3n de obra, permuta prenda, donaciones, pr\u00e9stamos y reconocimiento de deuda. Asesoramiento en el \u00e1mbito urban\u00edstico. Asesoramiento en derecho de familia, separaciones y divorcios, adopciones, reconocimiento de filiaci\u00f3n. Asesoramiento en derecho sucesorio, confecci\u00f3n de testamentos, aceptaciones de herencias, [&hellip;]<\/p>\n","protected":false},"author":7,"featured_media":0,"parent":0,"menu_order":0,"comment_status":"closed","ping_status":"closed","template":"","meta":{"_et_pb_use_builder":"","_et_pb_old_content":"","_et_gb_content_width":"1080","footnotes":""},"class_list":["post-70","page","type-page","status-publish","hentry"],"yoast_head":"<!-- This site is optimized with the Yoast SEO plugin v26.9 - https:\/\/yoast.com\/product\/yoast-seo-wordpress\/ -->\n<title>Civil - Rafael Sanrom\u00e0<\/title>\n<meta name=\"description\" content=\"Civil. Asesoramiento en derecho inmobiliario, arrendaticio y de propiedad horizontal. Confecci\u00f3n de todo tipo de contratos civiles...\" \/>\n<meta name=\"robots\" content=\"index, follow, max-snippet:-1, max-image-preview:large, max-video-preview:-1\" \/>\n<link rel=\"canonical\" href=\"https:\/\/sanromaasociados.com\/ca\/civil\/\" \/>\n<meta property=\"og:locale\" content=\"ca_ES\" \/>\n<meta property=\"og:type\" content=\"article\" \/>\n<meta property=\"og:title\" content=\"Civil - Rafael Sanrom\u00e0\" \/>\n<meta property=\"og:description\" content=\"Civil. Asesoramiento en derecho inmobiliario, arrendaticio y de propiedad horizontal. Confecci\u00f3n de todo tipo de contratos civiles...\" \/>\n<meta property=\"og:url\" content=\"https:\/\/sanromaasociados.com\/ca\/civil\/\" \/>\n<meta property=\"og:site_name\" content=\"Rafael Sanrom\u00e0\" \/>\n<meta property=\"article:modified_time\" content=\"2026-01-20T09:00:41+00:00\" \/>\n<meta name=\"twitter:card\" content=\"summary_large_image\" \/>\n<meta name=\"twitter:label1\" content=\"Temps estimat de lectura\" \/>\n\t<meta name=\"twitter:data1\" content=\"1 minut\" \/>\n<script type=\"application\/ld+json\" class=\"yoast-schema-graph\">{\"@context\":\"https:\/\/schema.org\",\"@graph\":[{\"@type\":\"WebPage\",\"@id\":\"https:\/\/sanromaasociados.com\/civil\/\",\"url\":\"https:\/\/sanromaasociados.com\/civil\/\",\"name\":\"Civil - Rafael Sanrom\u00e0\",\"isPartOf\":{\"@id\":\"https:\/\/sanromaasociados.com\/#website\"},\"datePublished\":\"2026-01-20T08:00:23+00:00\",\"dateModified\":\"2026-01-20T09:00:41+00:00\",\"description\":\"Civil. Asesoramiento en derecho inmobiliario, arrendaticio y de propiedad horizontal. Confecci\u00f3n de todo tipo de contratos civiles...\",\"breadcrumb\":{\"@id\":\"https:\/\/sanromaasociados.com\/civil\/#breadcrumb\"},\"inLanguage\":\"ca\",\"potentialAction\":[{\"@type\":\"ReadAction\",\"target\":[\"https:\/\/sanromaasociados.com\/civil\/\"]}]},{\"@type\":\"BreadcrumbList\",\"@id\":\"https:\/\/sanromaasociados.com\/civil\/#breadcrumb\",\"itemListElement\":[{\"@type\":\"ListItem\",\"position\":1,\"name\":\"Portada\",\"item\":\"https:\/\/sanromaasociados.com\/\"},{\"@type\":\"ListItem\",\"position\":2,\"name\":\"Civil\"}]},{\"@type\":\"WebSite\",\"@id\":\"https:\/\/sanromaasociados.com\/#website\",\"url\":\"https:\/\/sanromaasociados.com\/\",\"name\":\"Rafael Sanrom\u00e0\",\"description\":\"Advocats Associats\",\"publisher\":{\"@id\":\"https:\/\/sanromaasociados.com\/#organization\"},\"potentialAction\":[{\"@type\":\"SearchAction\",\"target\":{\"@type\":\"EntryPoint\",\"urlTemplate\":\"https:\/\/sanromaasociados.com\/?s={search_term_string}\"},\"query-input\":{\"@type\":\"PropertyValueSpecification\",\"valueRequired\":true,\"valueName\":\"search_term_string\"}}],\"inLanguage\":\"ca\"},{\"@type\":\"Organization\",\"@id\":\"https:\/\/sanromaasociados.com\/#organization\",\"name\":\"Rafael Sanrom\u00e0\",\"url\":\"https:\/\/sanromaasociados.com\/\",\"logo\":{\"@type\":\"ImageObject\",\"inLanguage\":\"ca\",\"@id\":\"https:\/\/sanromaasociados.com\/#\/schema\/logo\/image\/\",\"url\":\"https:\/\/sanromaasociados.com\/wp-content\/uploads\/2021\/05\/cropped-download.jpg\",\"contentUrl\":\"https:\/\/sanromaasociados.com\/wp-content\/uploads\/2021\/05\/cropped-download.jpg\",\"width\":512,\"height\":512,\"caption\":\"Rafael Sanrom\u00e0\"},\"image\":{\"@id\":\"https:\/\/sanromaasociados.com\/#\/schema\/logo\/image\/\"}}]}<\/script>\n<!-- \/ Yoast SEO plugin. -->","yoast_head_json":{"title":"Civil - Rafael Sanrom\u00e0","description":"Civil. Assessorament en dret immobiliari, arrendatici i de propietat horitzontal. Confecci\u00f3 de tot tipus de contractes civils...","robots":{"index":"index","follow":"follow","max-snippet":"max-snippet:-1","max-image-preview":"max-image-preview:large","max-video-preview":"max-video-preview:-1"},"canonical":"https:\/\/sanromaasociados.com\/ca\/civil\/","og_locale":"ca_ES","og_type":"article","og_title":"Civil - Rafael Sanrom\u00e0","og_description":"Civil. Asesoramiento en derecho inmobiliario, arrendaticio y de propiedad horizontal. Confecci\u00f3n de todo tipo de contratos civiles...","og_url":"https:\/\/sanromaasociados.com\/ca\/civil\/","og_site_name":"Rafael Sanrom\u00e0","article_modified_time":"2026-01-20T09:00:41+00:00","twitter_card":"summary_large_image","twitter_misc":{"Temps estimat de lectura":"1 minut"},"schema":{"@context":"https:\/\/schema.org","@graph":[{"@type":"WebPage","@id":"https:\/\/sanromaasociados.com\/civil\/","url":"https:\/\/sanromaasociados.com\/civil\/","name":"Civil - Rafael Sanrom\u00e0","isPartOf":{"@id":"https:\/\/sanromaasociados.com\/#website"},"datePublished":"2026-01-20T08:00:23+00:00","dateModified":"2026-01-20T09:00:41+00:00","description":"Civil. Assessorament en dret immobiliari, arrendatici i de propietat horitzontal. Confecci\u00f3 de tot tipus de contractes civils...","breadcrumb":{"@id":"https:\/\/sanromaasociados.com\/civil\/#breadcrumb"},"inLanguage":"ca","potentialAction":[{"@type":"ReadAction","target":["https:\/\/sanromaasociados.com\/civil\/"]}]},{"@type":"BreadcrumbList","@id":"https:\/\/sanromaasociados.com\/civil\/#breadcrumb","itemListElement":[{"@type":"ListItem","position":1,"name":"Portada","item":"https:\/\/sanromaasociados.com\/"},{"@type":"ListItem","position":2,"name":"Civil"}]},{"@type":"WebSite","@id":"https:\/\/sanromaasociados.com\/#website","url":"https:\/\/sanromaasociados.com\/","name":"Rafael Sanrom\u00e0","description":"Advocats Associats","publisher":{"@id":"https:\/\/sanromaasociados.com\/#organization"},"potentialAction":[{"@type":"SearchAction","target":{"@type":"EntryPoint","urlTemplate":"https:\/\/sanromaasociados.com\/?s={search_term_string}"},"query-input":{"@type":"PropertyValueSpecification","valueRequired":true,"valueName":"search_term_string"}}],"inLanguage":"ca"},{"@type":"Organization","@id":"https:\/\/sanromaasociados.com\/#organization","name":"Rafael Sanrom\u00e0","url":"https:\/\/sanromaasociados.com\/","logo":{"@type":"ImageObject","inLanguage":"ca","@id":"https:\/\/sanromaasociados.com\/#\/schema\/logo\/image\/","url":"https:\/\/sanromaasociados.com\/wp-content\/uploads\/2021\/05\/cropped-download.jpg","contentUrl":"https:\/\/sanromaasociados.com\/wp-content\/uploads\/2021\/05\/cropped-download.jpg","width":512,"height":512,"caption":"Rafael Sanrom\u00e0"},"image":{"@id":"https:\/\/sanromaasociados.com\/#\/schema\/logo\/image\/"}}]}},"_links":{"self":[{"href":"https:\/\/sanromaasociados.com\/ca\/wp-json\/wp\/v2\/pages\/70","targetHints":{"allow":["GET"]}}],"collection":[{"href":"https:\/\/sanromaasociados.com\/ca\/wp-json\/wp\/v2\/pages"}],"about":[{"href":"https:\/\/sanromaasociados.com\/ca\/wp-json\/wp\/v2\/types\/page"}],"author":[{"embeddable":true,"href":"https:\/\/sanromaasociados.com\/ca\/wp-json\/wp\/v2\/users\/7"}],"replies":[{"embeddable":true,"href":"https:\/\/sanromaasociados.com\/ca\/wp-json\/wp\/v2\/comments?post=70"}],"version-history":[{"count":3,"href":"https:\/\/sanromaasociados.com\/ca\/wp-json\/wp\/v2\/pages\/70\/revisions"}],"predecessor-version":[{"id":822,"href":"https:\/\/sanromaasociados.com\/ca\/wp-json\/wp\/v2\/pages\/70\/revisions\/822"}],"wp:attachment":[{"href":"https:\/\/sanromaasociados.com\/ca\/wp-json\/wp\/v2\/media?parent=70"}],"curies":[{"name":"wp","href":"https:\/\/api.w.org\/{rel}","templated":true}]}}