{"id":68,"date":"2026-01-20T08:00:01","date_gmt":"2026-01-20T08:00:01","guid":{"rendered":"https:\/\/www.sanromaasociados.com\/?page_id=68"},"modified":"2026-01-20T08:59:36","modified_gmt":"2026-01-20T08:59:36","slug":"auditoria","status":"publish","type":"page","link":"https:\/\/sanromaasociados.com\/ca\/auditoria\/","title":{"rendered":"Auditoria"},"content":{"rendered":"<ul>\n<li style=\"text-align: justify;\">Prestaci\u00f3 de serveis d&#039;auditoria per a empreses obligades a dipositar els comptes anuals amb informe d&#039;auditoria.<\/li>\n<li style=\"text-align: justify;\">Auditories de car\u00e0cter voluntari per als accionistes, empreses participades, filials, etc.<\/li>\n<li style=\"text-align: justify;\">Informes especials obligatoris en cas de fusions, ampliacions, transmissi\u00f3 daccions i altres requerits per la legislaci\u00f3 mercantil.<\/li>\n<li style=\"text-align: justify;\">Altres treballs d&#039;auditoria volunt\u00e0ria d&#039;estats i projeccions financeres, de sistemes inform\u00e0tics de les \u00e0rees de fiscal i laboral\u2026<\/li>\n<li style=\"text-align: justify;\">Organitzaci\u00f3 i planificaci\u00f3 estrat\u00e8gica. Servei adre\u00e7at a PIMES per assessorar en reestructuracions empresarials, an\u00e0lisi de rendibilitat per \u00e0rees, productes i clients. An\u00e0lisi de costos, planificaci\u00f3 a mitj\u00e0 i llarg termini amb projeccions i control de pressupostari.<\/li>\n<li style=\"text-align: justify;\">Disseny de sistemes dimplantaci\u00f3 i seguiment.<\/li>\n<\/ul>","protected":false},"excerpt":{"rendered":"<p>Prestaci\u00f3n de servicios de auditor\u00eda para empresas obligadas a depositar las cuentas anuales con informe de auditor\u00eda. Auditor\u00edas de car\u00e1cter voluntario para los accionistas, empresas participadas, filiales, etc. Informes especiales obligatorios en caso de fusiones, ampliaciones, trasmisi\u00f3n de acciones y otros requeridos por la legislaci\u00f3n mercantil. Otros trabajos de auditor\u00eda voluntaria de estados y proyecciones [&hellip;]<\/p>\n","protected":false},"author":7,"featured_media":0,"parent":0,"menu_order":0,"comment_status":"closed","ping_status":"closed","template":"","meta":{"_et_pb_use_builder":"","_et_pb_old_content":"","_et_gb_content_width":"1080","footnotes":""},"class_list":["post-68","page","type-page","status-publish","hentry"],"yoast_head":"<!-- This site is optimized with the Yoast SEO plugin v26.9 - https:\/\/yoast.com\/product\/yoast-seo-wordpress\/ -->\n<title>Auditor\u00eda - Rafael Sanrom\u00e0<\/title>\n<meta name=\"description\" content=\"Auditor\u00eda. Prestaci\u00f3n de servicios de auditor\u00eda para empresas obligadas a depositar las cuentas anuales con informe de auditor\u00eda...\" \/>\n<meta name=\"robots\" content=\"index, follow, max-snippet:-1, max-image-preview:large, max-video-preview:-1\" \/>\n<link rel=\"canonical\" href=\"https:\/\/sanromaasociados.com\/ca\/auditoria\/\" \/>\n<meta property=\"og:locale\" content=\"ca_ES\" \/>\n<meta property=\"og:type\" content=\"article\" \/>\n<meta property=\"og:title\" content=\"Auditor\u00eda - Rafael Sanrom\u00e0\" \/>\n<meta property=\"og:description\" content=\"Auditor\u00eda. Prestaci\u00f3n de servicios de auditor\u00eda para empresas obligadas a depositar las cuentas anuales con informe de auditor\u00eda...\" \/>\n<meta property=\"og:url\" content=\"https:\/\/sanromaasociados.com\/ca\/auditoria\/\" \/>\n<meta property=\"og:site_name\" content=\"Rafael Sanrom\u00e0\" \/>\n<meta property=\"article:modified_time\" content=\"2026-01-20T08:59:36+00:00\" \/>\n<meta name=\"twitter:card\" content=\"summary_large_image\" \/>\n<meta name=\"twitter:label1\" content=\"Temps estimat de lectura\" \/>\n\t<meta name=\"twitter:data1\" content=\"1 minut\" \/>\n<script type=\"application\/ld+json\" class=\"yoast-schema-graph\">{\"@context\":\"https:\/\/schema.org\",\"@graph\":[{\"@type\":\"WebPage\",\"@id\":\"https:\/\/sanromaasociados.com\/auditoria\/\",\"url\":\"https:\/\/sanromaasociados.com\/auditoria\/\",\"name\":\"Auditor\u00eda - Rafael Sanrom\u00e0\",\"isPartOf\":{\"@id\":\"https:\/\/sanromaasociados.com\/#website\"},\"datePublished\":\"2026-01-20T08:00:01+00:00\",\"dateModified\":\"2026-01-20T08:59:36+00:00\",\"description\":\"Auditor\u00eda. Prestaci\u00f3n de servicios de auditor\u00eda para empresas obligadas a depositar las cuentas anuales con informe de auditor\u00eda...\",\"breadcrumb\":{\"@id\":\"https:\/\/sanromaasociados.com\/auditoria\/#breadcrumb\"},\"inLanguage\":\"ca\",\"potentialAction\":[{\"@type\":\"ReadAction\",\"target\":[\"https:\/\/sanromaasociados.com\/auditoria\/\"]}]},{\"@type\":\"BreadcrumbList\",\"@id\":\"https:\/\/sanromaasociados.com\/auditoria\/#breadcrumb\",\"itemListElement\":[{\"@type\":\"ListItem\",\"position\":1,\"name\":\"Portada\",\"item\":\"https:\/\/sanromaasociados.com\/\"},{\"@type\":\"ListItem\",\"position\":2,\"name\":\"Auditor\u00eda\"}]},{\"@type\":\"WebSite\",\"@id\":\"https:\/\/sanromaasociados.com\/#website\",\"url\":\"https:\/\/sanromaasociados.com\/\",\"name\":\"Rafael Sanrom\u00e0\",\"description\":\"Advocats Associats\",\"publisher\":{\"@id\":\"https:\/\/sanromaasociados.com\/#organization\"},\"potentialAction\":[{\"@type\":\"SearchAction\",\"target\":{\"@type\":\"EntryPoint\",\"urlTemplate\":\"https:\/\/sanromaasociados.com\/?s={search_term_string}\"},\"query-input\":{\"@type\":\"PropertyValueSpecification\",\"valueRequired\":true,\"valueName\":\"search_term_string\"}}],\"inLanguage\":\"ca\"},{\"@type\":\"Organization\",\"@id\":\"https:\/\/sanromaasociados.com\/#organization\",\"name\":\"Rafael Sanrom\u00e0\",\"url\":\"https:\/\/sanromaasociados.com\/\",\"logo\":{\"@type\":\"ImageObject\",\"inLanguage\":\"ca\",\"@id\":\"https:\/\/sanromaasociados.com\/#\/schema\/logo\/image\/\",\"url\":\"https:\/\/sanromaasociados.com\/wp-content\/uploads\/2021\/05\/cropped-download.jpg\",\"contentUrl\":\"https:\/\/sanromaasociados.com\/wp-content\/uploads\/2021\/05\/cropped-download.jpg\",\"width\":512,\"height\":512,\"caption\":\"Rafael Sanrom\u00e0\"},\"image\":{\"@id\":\"https:\/\/sanromaasociados.com\/#\/schema\/logo\/image\/\"}}]}<\/script>\n<!-- \/ Yoast SEO plugin. -->","yoast_head_json":{"title":"Auditoria - Rafael Sanrom\u00e0","description":"Auditoria. Prestaci\u00f3 de serveis d&#039;auditoria per a empreses obligades a dipositar els comptes anuals amb informe d&#039;auditoria...","robots":{"index":"index","follow":"follow","max-snippet":"max-snippet:-1","max-image-preview":"max-image-preview:large","max-video-preview":"max-video-preview:-1"},"canonical":"https:\/\/sanromaasociados.com\/ca\/auditoria\/","og_locale":"ca_ES","og_type":"article","og_title":"Auditor\u00eda - Rafael Sanrom\u00e0","og_description":"Auditor\u00eda. Prestaci\u00f3n de servicios de auditor\u00eda para empresas obligadas a depositar las cuentas anuales con informe de auditor\u00eda...","og_url":"https:\/\/sanromaasociados.com\/ca\/auditoria\/","og_site_name":"Rafael Sanrom\u00e0","article_modified_time":"2026-01-20T08:59:36+00:00","twitter_card":"summary_large_image","twitter_misc":{"Temps estimat de lectura":"1 minut"},"schema":{"@context":"https:\/\/schema.org","@graph":[{"@type":"WebPage","@id":"https:\/\/sanromaasociados.com\/auditoria\/","url":"https:\/\/sanromaasociados.com\/auditoria\/","name":"Auditoria - Rafael Sanrom\u00e0","isPartOf":{"@id":"https:\/\/sanromaasociados.com\/#website"},"datePublished":"2026-01-20T08:00:01+00:00","dateModified":"2026-01-20T08:59:36+00:00","description":"Auditoria. Prestaci\u00f3 de serveis d&#039;auditoria per a empreses obligades a dipositar els comptes anuals amb informe d&#039;auditoria...","breadcrumb":{"@id":"https:\/\/sanromaasociados.com\/auditoria\/#breadcrumb"},"inLanguage":"ca","potentialAction":[{"@type":"ReadAction","target":["https:\/\/sanromaasociados.com\/auditoria\/"]}]},{"@type":"BreadcrumbList","@id":"https:\/\/sanromaasociados.com\/auditoria\/#breadcrumb","itemListElement":[{"@type":"ListItem","position":1,"name":"Portada","item":"https:\/\/sanromaasociados.com\/"},{"@type":"ListItem","position":2,"name":"Auditor\u00eda"}]},{"@type":"WebSite","@id":"https:\/\/sanromaasociados.com\/#website","url":"https:\/\/sanromaasociados.com\/","name":"Rafael Sanrom\u00e0","description":"Advocats Associats","publisher":{"@id":"https:\/\/sanromaasociados.com\/#organization"},"potentialAction":[{"@type":"SearchAction","target":{"@type":"EntryPoint","urlTemplate":"https:\/\/sanromaasociados.com\/?s={search_term_string}"},"query-input":{"@type":"PropertyValueSpecification","valueRequired":true,"valueName":"search_term_string"}}],"inLanguage":"ca"},{"@type":"Organization","@id":"https:\/\/sanromaasociados.com\/#organization","name":"Rafael Sanrom\u00e0","url":"https:\/\/sanromaasociados.com\/","logo":{"@type":"ImageObject","inLanguage":"ca","@id":"https:\/\/sanromaasociados.com\/#\/schema\/logo\/image\/","url":"https:\/\/sanromaasociados.com\/wp-content\/uploads\/2021\/05\/cropped-download.jpg","contentUrl":"https:\/\/sanromaasociados.com\/wp-content\/uploads\/2021\/05\/cropped-download.jpg","width":512,"height":512,"caption":"Rafael Sanrom\u00e0"},"image":{"@id":"https:\/\/sanromaasociados.com\/#\/schema\/logo\/image\/"}}]}},"_links":{"self":[{"href":"https:\/\/sanromaasociados.com\/ca\/wp-json\/wp\/v2\/pages\/68","targetHints":{"allow":["GET"]}}],"collection":[{"href":"https:\/\/sanromaasociados.com\/ca\/wp-json\/wp\/v2\/pages"}],"about":[{"href":"https:\/\/sanromaasociados.com\/ca\/wp-json\/wp\/v2\/types\/page"}],"author":[{"embeddable":true,"href":"https:\/\/sanromaasociados.com\/ca\/wp-json\/wp\/v2\/users\/7"}],"replies":[{"embeddable":true,"href":"https:\/\/sanromaasociados.com\/ca\/wp-json\/wp\/v2\/comments?post=68"}],"version-history":[{"count":3,"href":"https:\/\/sanromaasociados.com\/ca\/wp-json\/wp\/v2\/pages\/68\/revisions"}],"predecessor-version":[{"id":816,"href":"https:\/\/sanromaasociados.com\/ca\/wp-json\/wp\/v2\/pages\/68\/revisions\/816"}],"wp:attachment":[{"href":"https:\/\/sanromaasociados.com\/ca\/wp-json\/wp\/v2\/media?parent=68"}],"curies":[{"name":"wp","href":"https:\/\/api.w.org\/{rel}","templated":true}]}}