{"id":274,"date":"2026-01-20T08:00:53","date_gmt":"2026-01-20T08:00:53","guid":{"rendered":"https:\/\/www.sanromaasociados.com\/?page_id=274"},"modified":"2026-01-20T09:03:14","modified_gmt":"2026-01-20T09:03:14","slug":"outsourcing-rr-hh","status":"publish","type":"page","link":"https:\/\/sanromaasociados.com\/ca\/outsourcing-rr-hh\/","title":{"rendered":"OUTSOURCING RR.HH"},"content":{"rendered":"<h2><strong>EXTERNALITZACI\u00d3 DE L&#039;\u00c0REA DE RECURSOS HUMANS<\/strong><\/h2>\n<p>No totes les empreses es poden permetre la contractaci\u00f3 de personal especialitzat per tenir un departament propi de recursos humans.<\/p>\n<p>L&#039;outsourcing o externalitzaci\u00f3 consisteix a <b>alleugerir l&#039;estructura <\/b>duna organitzaci\u00f3 mitjan\u00e7ant la cessi\u00f3 a tercers de certes funcions. En definitiva, es tracta d&#039;eliminar tasques no cr\u00edtiques o alienes a la cadena de valor, delegant-les en assessors externs o altres companyies.<\/p>\n<p>El nostre servei d&#039;externalitzaci\u00f3 a RRHH no nom\u00e9s ajuda a reduir costos entre un 15 % i un 25 %. Augmenta la competitivitat de lorganitzaci\u00f3 generant un alt valor afegit.<\/p>\n<p>Externalitzar el Departament de Recursos Humans no \u00e9s nom\u00e9s contractar la gesti\u00f3 de les n\u00f2mines o la selecci\u00f3 de personal a una empresa. Es tracta de delegar en experts externs a l&#039;organitzaci\u00f3 funcions operatives d&#039;un Departament i es reserven les q\u00fcestions estrat\u00e8giques.<\/p>\n<p><strong>PER QU\u00c8 EXTERNALITZAR?<\/strong><\/p>\n<p>1.REDUCCI\u00d3 DE COSTOS<\/p>\n<p>Pagament pel servei ofert (ajustat a necessitats)<\/p>\n<p>Estalvi en equipament (Software, Equip inform\u00e0tic, etc.)<\/p>\n<p>2.ESTALVI DE TEMPS<\/p>\n<p>Alliberament de la c\u00e0rrega de treball a la plana gerencial i executiva<\/p>\n<p>3.ESPECIALITZACI\u00d3.<\/p>\n<p>Efic\u00e0cia. 365 dies\/any<\/p>\n<p>Qualitat. Servei professional.<\/p>\n<p><strong>PER QUINS RECURSOS HUMANS?<\/strong><\/p>\n<p>1.LA GESTI\u00d3 D&#039;UNA DIRECCI\u00d3 DE RRHH AGREGA VALOR AL NEGOCI<\/p>\n<p>Implementar pol\u00edtiques de RRHH, estrat\u00e8gies, procediments, etc.<\/p>\n<p>Tracte directe amb el treballador<\/p>\n<p>2.DESENVOLUPAMENT I ALINEACI\u00d3 DELS RRHH AMB L&#039;ESTRAT\u00c8GIA DE L&#039;EMPRESA.<\/p>\n<p>Millora de la productivitat<\/p>\n<p>Reducci\u00f3 de la conflictivitat.<\/p>\n<p>Aporta un valor afegit<\/p>\n<p><b>FUNCIONS I ROL DE L&#039;HR BUSINESS PARTNER<\/b><\/p>\n<p><em>HRBP (HUMAN RESOURCES BUSINESS PARTNER): &quot;Professional amb habilitats conciliadores i integradores encarregat d\u00b4alinear les estrat\u00e8gies i desenvolupaments dels treballadors amb els objectius globals i de negoci de l\u00b4organitzaci\u00f3&quot;\u201c<\/em><\/p>\n<ul>\n<li><i>Proposta, administraci\u00f3 i desenvolupament de les <\/i><b><i>POL\u00cdTIQUES DE RRHH<\/i><\/b><i>, eines de gesti\u00f3.<\/i><\/li>\n<li><i style=\"font-weight: bold;\">ASSESSORAMENT<\/i><i> a Direcci\u00f3, comandaments intermedis i treballadors en temes de RRHH<\/i><\/li>\n<li><i>Contacte permanent amb comandaments pel control d&#039;incid\u00e8ncies, conflictivitat, etc.<\/i><\/li>\n<li><i>Interlocuci\u00f3 i <\/i><b><i>NEGOCIACI\u00d3<\/i><\/b><i> amb comit\u00e8s, delegats i RLT<\/i><\/li>\n<li><i style=\"font-weight: bold;\">COMUNICACI\u00d3<\/i><i>. Tracte directe amb el treballador per atendre sol\u00b7licituds, dubtes, queixes, etc.<\/i><\/li>\n<li><i>Gesti\u00f3 de la <\/i><b><i>FORMACI\u00d3<\/i><\/b><i> i desenvolupament<\/i><\/li>\n<li><i>Processos de <\/i><b><i>SELECCI\u00d3<\/i><\/b><i> y <\/i><i>Headhunting<\/i><i>. Atracci\u00f3 i retenci\u00f3 del talent.<\/i><\/li>\n<li><i>Supervisi\u00f3 i control de la gesti\u00f3 de n\u00f2mina, contractaci\u00f3, etc.<\/i><\/li>\n<li><b><i>R\u00c8GIM DISCIPLINARI<\/i><\/b><i>. Gesti\u00f3 i comunicaci\u00f3 de faltes i sancions.<\/i><\/li>\n<li><i>An\u00e0lisi de <\/i><i>KPI&#039;s<\/i> <i>i propostes de millora<\/i><\/li>\n<li><i>Etc.<\/i><\/li>\n<\/ul>","protected":false},"excerpt":{"rendered":"<p>EXTERNALIZACI\u00d3N DEL \u00c1REA DE RECURSOS HUMANOS No todas las empresas se pueden permitir la contrataci\u00f3n de personal especializado para tener un departamento propio de recursos humanos. El outsourcing o externalizaci\u00f3n consiste en aligerar la estructura de una organizaci\u00f3n mediante la cesi\u00f3n a terceros de ciertas funciones. En definitiva, se trata de eliminar tareas no cr\u00edticas [&hellip;]<\/p>\n","protected":false},"author":8,"featured_media":0,"parent":0,"menu_order":0,"comment_status":"closed","ping_status":"closed","template":"","meta":{"_et_pb_use_builder":"","_et_pb_old_content":"","_et_gb_content_width":"","footnotes":""},"class_list":["post-274","page","type-page","status-publish","hentry"],"yoast_head":"<!-- This site is optimized with the Yoast SEO plugin v26.9 - https:\/\/yoast.com\/product\/yoast-seo-wordpress\/ -->\n<title>OUTSOURCING RR.HH - Rafael Sanrom\u00e0<\/title>\n<meta name=\"description\" content=\"OUTSOURCING RR.HH. EXTERNALIZACI\u00d3N DEL \u00c1REA DE RECURSOS HUMANOSNo todas las empresas se pueden permitir la contrataci\u00f3n...\" \/>\n<meta name=\"robots\" content=\"index, follow, max-snippet:-1, max-image-preview:large, max-video-preview:-1\" \/>\n<link rel=\"canonical\" href=\"https:\/\/sanromaasociados.com\/ca\/outsourcing-rr-hh\/\" \/>\n<meta property=\"og:locale\" content=\"ca_ES\" \/>\n<meta property=\"og:type\" content=\"article\" \/>\n<meta property=\"og:title\" content=\"OUTSOURCING RR.HH - Rafael Sanrom\u00e0\" \/>\n<meta property=\"og:description\" content=\"OUTSOURCING RR.HH. EXTERNALIZACI\u00d3N DEL \u00c1REA DE RECURSOS HUMANOSNo todas las empresas se pueden permitir la contrataci\u00f3n...\" \/>\n<meta property=\"og:url\" content=\"https:\/\/sanromaasociados.com\/ca\/outsourcing-rr-hh\/\" \/>\n<meta property=\"og:site_name\" content=\"Rafael Sanrom\u00e0\" \/>\n<meta property=\"article:modified_time\" content=\"2026-01-20T09:03:14+00:00\" \/>\n<meta name=\"twitter:card\" content=\"summary_large_image\" \/>\n<meta name=\"twitter:label1\" content=\"Temps estimat de lectura\" \/>\n\t<meta name=\"twitter:data1\" content=\"2 minuts\" \/>\n<script type=\"application\/ld+json\" class=\"yoast-schema-graph\">{\"@context\":\"https:\/\/schema.org\",\"@graph\":[{\"@type\":\"WebPage\",\"@id\":\"https:\/\/sanromaasociados.com\/outsourcing-rr-hh\/\",\"url\":\"https:\/\/sanromaasociados.com\/outsourcing-rr-hh\/\",\"name\":\"OUTSOURCING RR.HH - Rafael Sanrom\u00e0\",\"isPartOf\":{\"@id\":\"https:\/\/sanromaasociados.com\/#website\"},\"datePublished\":\"2026-01-20T08:00:53+00:00\",\"dateModified\":\"2026-01-20T09:03:14+00:00\",\"description\":\"OUTSOURCING RR.HH. EXTERNALIZACI\u00d3N DEL \u00c1REA DE RECURSOS HUMANOSNo todas las empresas se pueden permitir la contrataci\u00f3n...\",\"breadcrumb\":{\"@id\":\"https:\/\/sanromaasociados.com\/outsourcing-rr-hh\/#breadcrumb\"},\"inLanguage\":\"ca\",\"potentialAction\":[{\"@type\":\"ReadAction\",\"target\":[\"https:\/\/sanromaasociados.com\/outsourcing-rr-hh\/\"]}]},{\"@type\":\"BreadcrumbList\",\"@id\":\"https:\/\/sanromaasociados.com\/outsourcing-rr-hh\/#breadcrumb\",\"itemListElement\":[{\"@type\":\"ListItem\",\"position\":1,\"name\":\"Portada\",\"item\":\"https:\/\/sanromaasociados.com\/\"},{\"@type\":\"ListItem\",\"position\":2,\"name\":\"OUTSOURCING RR.HH\"}]},{\"@type\":\"WebSite\",\"@id\":\"https:\/\/sanromaasociados.com\/#website\",\"url\":\"https:\/\/sanromaasociados.com\/\",\"name\":\"Rafael Sanrom\u00e0\",\"description\":\"Advocats Associats\",\"publisher\":{\"@id\":\"https:\/\/sanromaasociados.com\/#organization\"},\"potentialAction\":[{\"@type\":\"SearchAction\",\"target\":{\"@type\":\"EntryPoint\",\"urlTemplate\":\"https:\/\/sanromaasociados.com\/?s={search_term_string}\"},\"query-input\":{\"@type\":\"PropertyValueSpecification\",\"valueRequired\":true,\"valueName\":\"search_term_string\"}}],\"inLanguage\":\"ca\"},{\"@type\":\"Organization\",\"@id\":\"https:\/\/sanromaasociados.com\/#organization\",\"name\":\"Rafael Sanrom\u00e0\",\"url\":\"https:\/\/sanromaasociados.com\/\",\"logo\":{\"@type\":\"ImageObject\",\"inLanguage\":\"ca\",\"@id\":\"https:\/\/sanromaasociados.com\/#\/schema\/logo\/image\/\",\"url\":\"https:\/\/sanromaasociados.com\/wp-content\/uploads\/2021\/05\/cropped-download.jpg\",\"contentUrl\":\"https:\/\/sanromaasociados.com\/wp-content\/uploads\/2021\/05\/cropped-download.jpg\",\"width\":512,\"height\":512,\"caption\":\"Rafael Sanrom\u00e0\"},\"image\":{\"@id\":\"https:\/\/sanromaasociados.com\/#\/schema\/logo\/image\/\"}}]}<\/script>\n<!-- \/ Yoast SEO plugin. -->","yoast_head_json":{"title":"OUTSOURCING RR.HH - Rafael Sanrom\u00e0","description":"OUTSOURCING RR.HH. EXTERNALITZACI\u00d3 DE L&#039;\u00c0REA DE RECURSOS HUMANSNo totes les empreses es poden permetre la contractaci\u00f3...","robots":{"index":"index","follow":"follow","max-snippet":"max-snippet:-1","max-image-preview":"max-image-preview:large","max-video-preview":"max-video-preview:-1"},"canonical":"https:\/\/sanromaasociados.com\/ca\/outsourcing-rr-hh\/","og_locale":"ca_ES","og_type":"article","og_title":"OUTSOURCING RR.HH - Rafael Sanrom\u00e0","og_description":"OUTSOURCING RR.HH. EXTERNALIZACI\u00d3N DEL \u00c1REA DE RECURSOS HUMANOSNo todas las empresas se pueden permitir la contrataci\u00f3n...","og_url":"https:\/\/sanromaasociados.com\/ca\/outsourcing-rr-hh\/","og_site_name":"Rafael Sanrom\u00e0","article_modified_time":"2026-01-20T09:03:14+00:00","twitter_card":"summary_large_image","twitter_misc":{"Temps estimat de lectura":"2 minuts"},"schema":{"@context":"https:\/\/schema.org","@graph":[{"@type":"WebPage","@id":"https:\/\/sanromaasociados.com\/outsourcing-rr-hh\/","url":"https:\/\/sanromaasociados.com\/outsourcing-rr-hh\/","name":"OUTSOURCING RR.HH - Rafael Sanrom\u00e0","isPartOf":{"@id":"https:\/\/sanromaasociados.com\/#website"},"datePublished":"2026-01-20T08:00:53+00:00","dateModified":"2026-01-20T09:03:14+00:00","description":"OUTSOURCING RR.HH. EXTERNALITZACI\u00d3 DE L&#039;\u00c0REA DE RECURSOS HUMANSNo totes les empreses es poden permetre la contractaci\u00f3...","breadcrumb":{"@id":"https:\/\/sanromaasociados.com\/outsourcing-rr-hh\/#breadcrumb"},"inLanguage":"ca","potentialAction":[{"@type":"ReadAction","target":["https:\/\/sanromaasociados.com\/outsourcing-rr-hh\/"]}]},{"@type":"BreadcrumbList","@id":"https:\/\/sanromaasociados.com\/outsourcing-rr-hh\/#breadcrumb","itemListElement":[{"@type":"ListItem","position":1,"name":"Portada","item":"https:\/\/sanromaasociados.com\/"},{"@type":"ListItem","position":2,"name":"OUTSOURCING RR.HH"}]},{"@type":"WebSite","@id":"https:\/\/sanromaasociados.com\/#website","url":"https:\/\/sanromaasociados.com\/","name":"Rafael Sanrom\u00e0","description":"Advocats Associats","publisher":{"@id":"https:\/\/sanromaasociados.com\/#organization"},"potentialAction":[{"@type":"SearchAction","target":{"@type":"EntryPoint","urlTemplate":"https:\/\/sanromaasociados.com\/?s={search_term_string}"},"query-input":{"@type":"PropertyValueSpecification","valueRequired":true,"valueName":"search_term_string"}}],"inLanguage":"ca"},{"@type":"Organization","@id":"https:\/\/sanromaasociados.com\/#organization","name":"Rafael Sanrom\u00e0","url":"https:\/\/sanromaasociados.com\/","logo":{"@type":"ImageObject","inLanguage":"ca","@id":"https:\/\/sanromaasociados.com\/#\/schema\/logo\/image\/","url":"https:\/\/sanromaasociados.com\/wp-content\/uploads\/2021\/05\/cropped-download.jpg","contentUrl":"https:\/\/sanromaasociados.com\/wp-content\/uploads\/2021\/05\/cropped-download.jpg","width":512,"height":512,"caption":"Rafael Sanrom\u00e0"},"image":{"@id":"https:\/\/sanromaasociados.com\/#\/schema\/logo\/image\/"}}]}},"_links":{"self":[{"href":"https:\/\/sanromaasociados.com\/ca\/wp-json\/wp\/v2\/pages\/274","targetHints":{"allow":["GET"]}}],"collection":[{"href":"https:\/\/sanromaasociados.com\/ca\/wp-json\/wp\/v2\/pages"}],"about":[{"href":"https:\/\/sanromaasociados.com\/ca\/wp-json\/wp\/v2\/types\/page"}],"author":[{"embeddable":true,"href":"https:\/\/sanromaasociados.com\/ca\/wp-json\/wp\/v2\/users\/8"}],"replies":[{"embeddable":true,"href":"https:\/\/sanromaasociados.com\/ca\/wp-json\/wp\/v2\/comments?post=274"}],"version-history":[{"count":5,"href":"https:\/\/sanromaasociados.com\/ca\/wp-json\/wp\/v2\/pages\/274\/revisions"}],"predecessor-version":[{"id":738,"href":"https:\/\/sanromaasociados.com\/ca\/wp-json\/wp\/v2\/pages\/274\/revisions\/738"}],"wp:attachment":[{"href":"https:\/\/sanromaasociados.com\/ca\/wp-json\/wp\/v2\/media?parent=274"}],"curies":[{"name":"wp","href":"https:\/\/api.w.org\/{rel}","templated":true}]}}